{"id":1241,"date":"2022-05-23T09:11:04","date_gmt":"2022-05-23T07:11:04","guid":{"rendered":"https:\/\/www2.my-bischling.at\/wordpress\/kontakt\/datenschutz\/"},"modified":"2022-11-10T10:56:56","modified_gmt":"2022-11-10T09:56:56","slug":"data-privacy","status":"publish","type":"page","link":"https:\/\/barbarahof.com\/en\/data-privacy\/","title":{"rendered":"Data privacy"},"content":{"rendered":"\n<div class=\"wp-block-mxms-blocks-mxms-columns bg-is-transparent testClassName\">\n<div class=\"wp-block-mxms-blocks-mxms-column has-col-12 has-offset-0\">\n<h1>Datenschutzerkl\u00e4rung<\/h1>\n\n\n\n<p>Verantwortlich f\u00fcr die Verarbeitung Ihrer personenbezogenen Daten auf unserer Website ist der Gasthof-Pension Barbarahof. Die Daten des Gasthof-Pension Barbarahof finden Sie unter dem Link Impressum. <\/p>\n\n\n\n<h2>Datenschutz<\/h2>\n\n\n\n<p>Wir verarbeiten Ihre personenbezogenen Daten mit der Unterst\u00fctzung von Auftragsverarbeitern, welche uns bei der Bereitstellung der Dienste unterst\u00fctzen (z.B. Webhoster, E-Mail-Newsletter-Versanddienst).<\/p>\n\n\n\n<p>Diese Auftragsverarbeiter sind zum strengen Schutz Ihrer personenbezogenen Daten verpflichtet und d\u00fcrfen Ihre personenbezogenen Daten zu keinem anderen Zweck als zur Bereitstellung unserer Dienste verarbeiten.<\/p>\n\n\n\n<p>Eine Weitergabe Ihrer personenbezogenen Daten erfolgt nur an wirtschaftstypische Dienstleister wie z.B. Banken (im Fall von \u00dcberweisungen an Sie), Steuerberater (falls Sie in unserer Buchhaltung vorkommen), Versanddienstleister (im Fall der Versendung an Sie), etc.<\/p>\n\n\n\n<h2>Auftragsverarbeiter, Empf\u00e4nger<\/h2>\n\n\n\n<p>Wir verarbeiten Ihre personenbezogenen Daten mit der Unterst\u00fctzung von Auftragsverarbeitern, welche uns bei der Bereitstellung der Dienste unterst\u00fctzen (z.B. Webhoster, E-Mail-Newsletter-Versanddienst).<\/p>\n\n\n\n<p>Diese Auftragsverarbeiter sind zum strengen Schutz Ihrer personenbezogenen Daten verpflichtet und d\u00fcrfen Ihre personenbezogenen Daten zu keinem anderen Zweck als zur Bereitstellung unserer Dienste verarbeiten.<\/p>\n\n\n\n<p>Eine Weitergabe Ihrer personenbezogenen Daten erfolgt nur an wirtschaftstypische Dienstleister wie z.B. Banken (im Fall von \u00dcberweisungen an Sie), Steuerberater (falls Sie in unserer Buchhaltung vorkommen), Versanddienstleister (im Fall der Versendung an Sie), etc.<\/p>\n\n\n\n<h2>Kontaktformular<\/h2>\n\n\n\n<p>Nach Absenden des Kontaktformulars erfolgt eine Verarbeitung der von Ihnen eingegebenen personenbezogenen Daten durch den datenschutzrechtlich Verantwortlichen zum Zweck der Bearbeitung Ihrer Anfrage auf Grundlage Ihrer durch das Absenden des Formulars erteilten Einwilligung.<\/p>\n\n\n\n<p>Es besteht keine gesetzliche oder vertragliche Verpflichtung zur Bereitstellung der personenbezogenen Daten. Die Nichtbereitstellung hat lediglich zur Folge, dass Sie Ihr Anliegen nicht \u00fcbermitteln und wir dieses nicht bearbeiten k\u00f6nnen.<\/p>\n\n\n\n<p>Sie haben das Recht, Ihre Einwilligung jederzeit durch schriftliche Mitteilung zu widerrufen, ohne dass die Rechtm\u00e4\u00dfigkeit der aufgrund der Einwilligung bis zum Widerruf erfolgten Verarbeitung ber\u00fchrt wird.<\/p>\n\n\n\n<p>Es erfolgt eine Weiterverarbeitung der Daten, welche mit dem urspr\u00fcnglichen Verarbeitungszweck vereinbar ist, auf derselben Rechtsgrundlage zum Zweck des Direktmarketings in nicht einwilligungspflichtigen Formen, wie dem adressierten postalischen Versand von Werbung, bis auf Widerspruch. In diesem Fall erfolgt eine Weitergabe der Daten an den Versanddienstleister.<\/p>\n\n\n\n<p>Sie haben das Recht, der Verwendung Ihrer personenbezogenen Daten zum Zweck der Direktwerbung jederzeit durch schriftliche Mitteilung zu widersprechen. Im Fall des Widerspruchs werden Ihre personenbezogenen Daten nicht mehr zum Zweck der Direktwerbung verarbeitet.<\/p>\n\n\n\n<h2>E-Mail-Newsletter<\/h2>\n\n\n\n<p>Durch Ankreuzen der Checkbox willigen Sie in die Verarbeitung der von Ihnen eingegebenen personenbezogenen Daten zum Zweck der Information \u00fcber Produktnachrichten, exklusive Angebote, Aktionen und Termine mittels eines E-Mail-Newsletters durch den datenschutzrechtlich Verantwortlichen bis auf Widerruf bzw. Widerspruch ein.<\/p>\n\n\n\n<p>Es besteht keine gesetzliche oder vertragliche Verpflichtung zur Bereitstellung der personenbezogenen Daten. Die Nichteinwilligung hat lediglich zur Folge, dass Sie keinen E-Mail-Newsletter erhalten.<\/p>\n\n\n\n<p>Sie haben das Recht, Ihre Einwilligung jederzeit durch schriftliche Mitteilung oder durch Klick auf den Abmeldelink im E-Mail-Newsletter zu widerrufen, ohne dass die Rechtm\u00e4\u00dfigkeit der aufgrund der Einwilligung bis zum Widerruf erfolgten Verarbeitung ber\u00fchrt wird.<\/p>\n\n\n\n<p>Ebenso k\u00f6nnen Sie der Verwendung Ihrer personenbezogenen Daten zum Zweck der Direktwerbung auf selbe Weise widersprechen. Im Fall des Widerspruchs werden Ihre personenbezogenen Daten nicht mehr zum Zweck der Direktwerbung in Form eines E-Mail-Newsletters verarbeitet.<\/p>\n\n\n\n<h2>Gewinnspiele<\/h2>\n\n\n\n<p>Nach Absenden des Gewinnspielformulars erfolgt eine Verarbeitung der von Ihnen eingegebene Daten durch den datenschutzrechtlich Verantwortlichen zum Zweck der Durchf\u00fchrung des Gewinnspiels auf Grundlage des damit abgeschlossenen Gewinnspielvertrages bis zum Abschluss des Gewinnspiels.<\/p>\n\n\n\n<p>Es besteht keine gesetzliche oder vertragliche Verpflichtung zur Bereitstellung der personenbezogenen Daten. Die Bereitstellung ist jedoch zur Teilnahme am Gewinnspiel erforderlich. Die Nichtbereitstellung hat lediglich zur Folge, dass Sie am Gewinnspiel nicht teilnehmen k\u00f6nnen.<\/p>\n\n\n\n<p>Es erfolgt eine Weiterverarbeitung der Daten, welche mit dem urspr\u00fcnglichen Verarbeitungszweck vereinbar ist, auf derselben Rechtsgrundlage zum Zweck des Direktmarketings in nicht einwilligungspflichtigen Formen, wie dem adressierten postalischen Versand von Werbung, bis auf Widerspruch. In diesem Fall erfolgt eine Weitergabe der Daten an den Versanddienstleister.<\/p>\n\n\n\n<p>Sie haben das Recht, der Verwendung Ihrer personenbezogenen Daten zum Zweck der Direktwerbung jederzeit durch schriftliche Mitteilung zu widersprechen. Im Fall des Widerspruchs werden Ihre personenbezogenen Daten nicht mehr zum Zweck der Direktwerbung verarbeitet.<\/p>\n\n\n\n<h2>Cookies<\/h2>\n\n\n\n<p>Diese Website verwendet Cookies.<\/p>\n\n\n\n<p>Cookies machen Websites f\u00fcr den Benutzer benutzerfreundlicher und effizienter. Ein Cookie ist eine kleine Textdatei, die zur Speicherung von Informationen dient. Beim Besuch einer Website kann die Website auf dem Computer des Website-Besuchers ein Cookie platzieren. Besucht der Benutzer die Website sp\u00e4ter wieder, kann die Website die Daten des fr\u00fcher gespeicherten Cookies auslesen und so z.B. feststellen, ob der Benutzer die Website schon fr\u00fcher besucht hat und f\u00fcr welche Bereiche der Website sich der Benutzer besonders interessiert hat.<\/p>\n\n\n\n<p>Mehr Informationen zu Cookies erhalten Sie auf&nbsp;<a href=\"http:\/\/de.wikipedia.org\/wiki\/HTTP-Cookie\" target=\"_blank\" rel=\"noreferrer noopener\">http:\/\/de.wikipedia.org\/wiki\/HTTP-Cookie<\/a><\/p>\n\n\n\n<h2>\u00c4ndern der Cookie-Einstellungen<\/h2>\n\n\n\n<p>Wie der Web-Browser mit Cookies umgeht, welche Cookies zugelassen oder abgelehnt werden, kann der Benutzer in den Einstellungen des Web-Browsers festlegen. Wo genau sich diese Einstellungen befinden, h\u00e4ngt vom jeweiligen Web-Browser ab. Detailinformationen dazu k\u00f6nnen \u00fcber die Hilfe-Funktion des jeweiligen Web-Browsers aufgerufen werden.<\/p>\n\n\n\n<p>Wenn die Nutzung von Cookies eingeschr\u00e4nkt wird, sind unter Umst\u00e4nden nicht mehr alle Funktionen dieser Website vollumf\u00e4nglich nutzbar.<\/p>\n\n\n\n<h2>Server Log File<\/h2>\n\n\n\n<p>Diese Website verarbeitet zum Zweck der \u00dcberwachung der technischen Funktion und zur Erh\u00f6hung der Betriebssicherheit des Webservers auf Grundlage des \u00fcberwiegenden berechtigten Interesses des Verantwortlichen (technische Sicherheitsma\u00dfnahmen) folgende personenbezogene Daten in einem Server Log File:aufgerufener InhaltUhrzeit der BrowseranfrageBrowsertyp\/Browserversionverwendetes BetriebssystemReferrer URLIP-AdresseHostname<\/p>\n\n\n\n<p>Diese Daten werden nur tempor\u00e4r f\u00fcr die Dauer von vier Stunden personenbezogen gespeichert. Danach werden die IP-Adresse und der Hostname anonymisiert.<\/p>\n\n\n\n<h2>Google Analytics<\/h2>\n\n\n\n<p>Diese Website verwendet Google Analytics, einen Webanalysedienst der Google Inc, 1600 Amphitheatre Parkway Mountain View, CA 94043, USA (\u201eGoogle\u201c) auf der Rechtsgrundlage des \u00fcberwiegenden berechtigten Interesses (Analyse der Websitenutzung). Wir haben dazu mit Google einen Vertrag zur Auftragsdatenverarbeitung abgeschlossen.<\/p>\n\n\n\n<p>Beim Aufruf unserer Webseite wird \u00fcber eine Software eine Verbindung zu den Servern von Google hergestellt und Daten an teils in den USA befindliche Server von Google \u00fcbermittelt. Google Analytics verwendet zudem Cookies zur Speicherung von Informationen \u00fcber den Website-Benutzer und zur Analyse der Benutzung der Website durch die Website-Benutzer.<\/p>\n\n\n\n<p>Diese Website nutzt die Funktion &#8220;IP-Anonymisierung&#8221;. Dadurch wird Ihre IP-Adresse von Google innerhalb von Mitgliedstaaten der Europ\u00e4ischen Union oder in anderen Vertragsstaaten des Abkommens \u00fcber den Europ\u00e4ischen Wirtschaftsraum zuvor gek\u00fcrzt und damit anonymisiert. Nur in Ausnahmef\u00e4llen wird die volle IP-Adresse an einen Server von Google in den USA \u00fcbertragen und dort gek\u00fcrzt.<\/p>\n\n\n\n<p>Laut Angaben von Google wird Google die erhobenen Daten benutzen, um die Nutzung der Website auszuwerten, um Reports \u00fcber die Websiteaktivit\u00e4ten zusammenzustellen und um weitere mit der Websitenutzung und der Internetnutzung verbundene Dienstleistungen zu erbringen.<\/p>\n\n\n\n<p>Auch wird Google diese Informationen gegebenenfalls an Dritte \u00fcbertragen, sofern dies gesetzlich vorgeschrieben ist oder soweit Dritte diese Daten im Auftrag von Google verarbeiten.<\/p>\n\n\n\n<p>Detaillierte Informationen zum Umgang mit Nutzerdaten bei Google Analytics finden Sie in der Datenschutzerkl\u00e4rung von Google&nbsp;<a href=\"https:\/\/www.google.com\/intl\/de\/policies\/privacy\/\" target=\"_blank\" rel=\"noreferrer noopener\">www.google.com\/intl\/de\/policies\/privacy\/<\/a>&nbsp;bzw. von&nbsp;<a href=\"https:\/\/support.google.com\/analytics\/answer\/6004245?hl=de\" target=\"_blank\" rel=\"noreferrer noopener\">https:\/\/support.google.com\/analytics\/answer\/6004245?hl=de<\/a>.<\/p>\n\n\n\n<h2>Google Analytics deaktivieren<\/h2>\n\n\n\n<p>Sie k\u00f6nnen die Erfassung Ihrer Nutzerdaten durch Google Analytics generell&nbsp;<strong>auf allen Websites<\/strong>&nbsp;verhindern, indem Sie das unter dem folgenden Link verf\u00fcgbare Browser-Plugin herunterladen und installieren:&nbsp;<a href=\"https:\/\/tools.google.com\/dlpage\/gaoptout?hl=de\" target=\"_blank\" rel=\"noreferrer noopener\">https:\/\/tools.google.com\/dlpage\/gaoptout?hl=de<\/a><\/p>\n\n\n\n<p>Sie k\u00f6nnen die Erfassung Ihrer Nutzerdaten durch Google Analytics nur auf dieser Website verhindern, indem Sie auf folgenden Link klicken. Es wird ein Opt-Out-Cookie gesetzt, das die Erfassung Ihrer Daten bei zuk\u00fcnftigen Besuchen dieser Website verhindert.<\/p>\n\n\n\n<h2>Ihre Rechte<\/h2>\n\n\n\n<p>Sie haben das Recht auf Auskunft, Berichtigung, L\u00f6schung und Einschr\u00e4nkung der Verarbeitung der personenbezogenen Daten<\/p>\n\n\n\n<p>Soweit die Rechtsgrundlage der Verarbeitung Ihrer personenbezogenen Daten in Ihrer Einwilligung oder in einem mit Ihnen abgeschlossenen Vertrag besteht, haben Sie zudem das Recht auf Daten\u00fcbertragbarkeit.<\/p>\n\n\n\n<p>Sie haben das Recht auf Widerruf einer eventuell erteilten Einwilligung zur Verarbeitung Ihrer personenbezogenen Daten. Die Rechtm\u00e4\u00dfigkeit der Verarbeitung der personenbezogenen Daten bis zum Widerruf wird durch den Widerruf nicht ber\u00fchrt.<\/p>\n\n\n\n<p>Sie haben das Recht auf Widerspruch gegen die Verarbeitung Ihrer personenbezogenen Daten zum Zweck der Direktwerbung. Im Fall des Widerspruchs werden Ihre personenbezogenen Daten nicht mehr zum Zwecke der Direktwerbung verarbeitet.<\/p>\n\n\n\n<p>Weiters haben Sie das Recht auf Beschwerde bei der Aufsichtsbeh\u00f6rde (\u00d6sterreichische Datenschutzbeh\u00f6rde, Wickenburggasse 8, 1080 Wien, dsb@dsb.gv.at).<\/p>\n<\/div>\n<\/div>\n","protected":false},"excerpt":{"rendered":"","protected":false},"author":1,"featured_media":1004,"parent":0,"menu_order":3,"comment_status":"closed","ping_status":"open","template":"","meta":[],"acf":[],"yoast_head":"<!-- This site is optimized with the Yoast SEO plugin v19.10 - https:\/\/yoast.com\/wordpress\/plugins\/seo\/ -->\n<title>Data privacy &mdash; Barbarahof Werfenweng im Salzburger Land<\/title>\n<meta name=\"robots\" content=\"index, follow, max-snippet:-1, max-image-preview:large, max-video-preview:-1\" \/>\n<link rel=\"canonical\" href=\"https:\/\/barbarahof.com\/en\/data-privacy\/\" \/>\n<meta property=\"og:locale\" content=\"en_US\" \/>\n<meta property=\"og:type\" content=\"article\" \/>\n<meta property=\"og:title\" content=\"Data privacy &mdash; Barbarahof Werfenweng im Salzburger Land\" \/>\n<meta property=\"og:url\" content=\"https:\/\/barbarahof.com\/en\/data-privacy\/\" \/>\n<meta property=\"og:site_name\" content=\"Barbarahof Werfenweng\" \/>\n<meta property=\"article:modified_time\" content=\"2022-11-10T09:56:56+00:00\" \/>\n<meta property=\"og:image\" content=\"https:\/\/barbarahof.com\/wp-content\/uploads\/2022\/05\/werfenweng-winter1.jpg\" \/>\n\t<meta property=\"og:image:width\" content=\"1920\" \/>\n\t<meta property=\"og:image:height\" content=\"750\" \/>\n\t<meta property=\"og:image:type\" content=\"image\/jpeg\" \/>\n<meta name=\"twitter:card\" content=\"summary_large_image\" \/>\n<meta name=\"twitter:label1\" content=\"Est. reading time\" \/>\n\t<meta name=\"twitter:data1\" content=\"8 minutes\" \/>\n<script type=\"application\/ld+json\" class=\"yoast-schema-graph\">{\"@context\":\"https:\/\/schema.org\",\"@graph\":[{\"@type\":\"WebPage\",\"@id\":\"https:\/\/barbarahof.com\/en\/data-privacy\/\",\"url\":\"https:\/\/barbarahof.com\/en\/data-privacy\/\",\"name\":\"Data privacy &mdash; Barbarahof Werfenweng im Salzburger Land\",\"isPartOf\":{\"@id\":\"https:\/\/barbarahof.com\/en\/#website\"},\"datePublished\":\"2022-05-23T07:11:04+00:00\",\"dateModified\":\"2022-11-10T09:56:56+00:00\",\"breadcrumb\":{\"@id\":\"https:\/\/barbarahof.com\/en\/data-privacy\/#breadcrumb\"},\"inLanguage\":\"en-US\",\"potentialAction\":[{\"@type\":\"ReadAction\",\"target\":[\"https:\/\/barbarahof.com\/en\/data-privacy\/\"]}]},{\"@type\":\"BreadcrumbList\",\"@id\":\"https:\/\/barbarahof.com\/en\/data-privacy\/#breadcrumb\",\"itemListElement\":[{\"@type\":\"ListItem\",\"position\":1,\"name\":\"Startseite\",\"item\":\"https:\/\/barbarahof.com\/en\/\"},{\"@type\":\"ListItem\",\"position\":2,\"name\":\"Contact\",\"item\":\"https:\/\/barbarahof.com\/en\/contact\/\"},{\"@type\":\"ListItem\",\"position\":3,\"name\":\"Data privacy\"}]},{\"@type\":\"WebSite\",\"@id\":\"https:\/\/barbarahof.com\/en\/#website\",\"url\":\"https:\/\/barbarahof.com\/en\/\",\"name\":\"Barbarahof Werfenweng\",\"description\":\"im Salzburger Land\",\"publisher\":{\"@id\":\"https:\/\/barbarahof.com\/en\/#organization\"},\"potentialAction\":[{\"@type\":\"SearchAction\",\"target\":{\"@type\":\"EntryPoint\",\"urlTemplate\":\"https:\/\/barbarahof.com\/en\/?s={search_term_string}\"},\"query-input\":\"required name=search_term_string\"}],\"inLanguage\":\"en-US\"},{\"@type\":\"Organization\",\"@id\":\"https:\/\/barbarahof.com\/en\/#organization\",\"name\":\"Barbarahof Werfenweng\",\"url\":\"https:\/\/barbarahof.com\/en\/\",\"logo\":{\"@type\":\"ImageObject\",\"inLanguage\":\"en-US\",\"@id\":\"https:\/\/barbarahof.com\/en\/#\/schema\/logo\/image\/\",\"url\":\"https:\/\/www.barbarahof.com\/wp-content\/uploads\/2022\/05\/Barbarahof_Logo_RGB.jpg\",\"contentUrl\":\"https:\/\/www.barbarahof.com\/wp-content\/uploads\/2022\/05\/Barbarahof_Logo_RGB.jpg\",\"width\":1000,\"height\":510,\"caption\":\"Barbarahof Werfenweng\"},\"image\":{\"@id\":\"https:\/\/barbarahof.com\/en\/#\/schema\/logo\/image\/\"}}]}<\/script>\n<!-- \/ Yoast SEO plugin. -->","yoast_head_json":{"title":"Data privacy &mdash; Barbarahof Werfenweng im Salzburger Land","robots":{"index":"index","follow":"follow","max-snippet":"max-snippet:-1","max-image-preview":"max-image-preview:large","max-video-preview":"max-video-preview:-1"},"canonical":"https:\/\/barbarahof.com\/en\/data-privacy\/","og_locale":"en_US","og_type":"article","og_title":"Data privacy &mdash; Barbarahof Werfenweng im Salzburger Land","og_url":"https:\/\/barbarahof.com\/en\/data-privacy\/","og_site_name":"Barbarahof Werfenweng","article_modified_time":"2022-11-10T09:56:56+00:00","og_image":[{"width":1920,"height":750,"url":"https:\/\/barbarahof.com\/wp-content\/uploads\/2022\/05\/werfenweng-winter1.jpg","type":"image\/jpeg"}],"twitter_card":"summary_large_image","twitter_misc":{"Est. reading time":"8 minutes"},"schema":{"@context":"https:\/\/schema.org","@graph":[{"@type":"WebPage","@id":"https:\/\/barbarahof.com\/en\/data-privacy\/","url":"https:\/\/barbarahof.com\/en\/data-privacy\/","name":"Data privacy &mdash; Barbarahof Werfenweng im Salzburger Land","isPartOf":{"@id":"https:\/\/barbarahof.com\/en\/#website"},"datePublished":"2022-05-23T07:11:04+00:00","dateModified":"2022-11-10T09:56:56+00:00","breadcrumb":{"@id":"https:\/\/barbarahof.com\/en\/data-privacy\/#breadcrumb"},"inLanguage":"en-US","potentialAction":[{"@type":"ReadAction","target":["https:\/\/barbarahof.com\/en\/data-privacy\/"]}]},{"@type":"BreadcrumbList","@id":"https:\/\/barbarahof.com\/en\/data-privacy\/#breadcrumb","itemListElement":[{"@type":"ListItem","position":1,"name":"Startseite","item":"https:\/\/barbarahof.com\/en\/"},{"@type":"ListItem","position":2,"name":"Contact","item":"https:\/\/barbarahof.com\/en\/contact\/"},{"@type":"ListItem","position":3,"name":"Data privacy"}]},{"@type":"WebSite","@id":"https:\/\/barbarahof.com\/en\/#website","url":"https:\/\/barbarahof.com\/en\/","name":"Barbarahof Werfenweng","description":"im Salzburger Land","publisher":{"@id":"https:\/\/barbarahof.com\/en\/#organization"},"potentialAction":[{"@type":"SearchAction","target":{"@type":"EntryPoint","urlTemplate":"https:\/\/barbarahof.com\/en\/?s={search_term_string}"},"query-input":"required name=search_term_string"}],"inLanguage":"en-US"},{"@type":"Organization","@id":"https:\/\/barbarahof.com\/en\/#organization","name":"Barbarahof Werfenweng","url":"https:\/\/barbarahof.com\/en\/","logo":{"@type":"ImageObject","inLanguage":"en-US","@id":"https:\/\/barbarahof.com\/en\/#\/schema\/logo\/image\/","url":"https:\/\/www.barbarahof.com\/wp-content\/uploads\/2022\/05\/Barbarahof_Logo_RGB.jpg","contentUrl":"https:\/\/www.barbarahof.com\/wp-content\/uploads\/2022\/05\/Barbarahof_Logo_RGB.jpg","width":1000,"height":510,"caption":"Barbarahof Werfenweng"},"image":{"@id":"https:\/\/barbarahof.com\/en\/#\/schema\/logo\/image\/"}}]}},"_links":{"self":[{"href":"https:\/\/barbarahof.com\/en\/wp-json\/wp\/v2\/pages\/1241"}],"collection":[{"href":"https:\/\/barbarahof.com\/en\/wp-json\/wp\/v2\/pages"}],"about":[{"href":"https:\/\/barbarahof.com\/en\/wp-json\/wp\/v2\/types\/page"}],"author":[{"embeddable":true,"href":"https:\/\/barbarahof.com\/en\/wp-json\/wp\/v2\/users\/1"}],"replies":[{"embeddable":true,"href":"https:\/\/barbarahof.com\/en\/wp-json\/wp\/v2\/comments?post=1241"}],"version-history":[{"count":1,"href":"https:\/\/barbarahof.com\/en\/wp-json\/wp\/v2\/pages\/1241\/revisions"}],"predecessor-version":[{"id":1432,"href":"https:\/\/barbarahof.com\/en\/wp-json\/wp\/v2\/pages\/1241\/revisions\/1432"}],"wp:featuredmedia":[{"embeddable":true,"href":"https:\/\/barbarahof.com\/en\/wp-json\/wp\/v2\/media\/1004"}],"wp:attachment":[{"href":"https:\/\/barbarahof.com\/en\/wp-json\/wp\/v2\/media?parent=1241"}],"curies":[{"name":"wp","href":"https:\/\/api.w.org\/{rel}","templated":true}]}}