{"id":1235,"date":"2022-05-23T09:47:06","date_gmt":"2022-05-23T07:47:06","guid":{"rendered":"https:\/\/www2.my-bischling.at\/wordpress\/freiluftlicht\/"},"modified":"2025-03-31T13:55:58","modified_gmt":"2025-03-31T11:55:58","slug":"freiluftlicht","status":"publish","type":"page","link":"https:\/\/barbarahof.com\/en\/barbarahof\/freiluftlicht\/","title":{"rendered":"FreiLuftLicht"},"content":{"rendered":"\n<div class=\"wp-block-mxms-blocks-mxms-columns bg-is-transparent testClassName\">\n<div class=\"wp-block-mxms-blocks-mxms-column has-col-12 has-offset-0\">\n<h1>FreiLuftLicht<\/h1>\n\n\n\n<p>An einem Vollmondabend im Sommer werden am Bischling in Werfenweng nach Sonnenuntergang Filme von bevorzugt heimischen Filmemachern gezeigt. Die Performance wird musikalisch begleitet. Bei sch\u00f6nem Wetter findet die Veranstaltung im Freien, am Bischling statt, bei schlechtem Wetter im Gondelhangar der Ikarus-Bahn.<\/p>\n\n\n\n<h2 class=\"has-large-font-size\"><strong>Worum geht es?<\/strong><\/h2>\n\n\n\n<p>Wir k\u00f6nnen uns wirklich sehr gl\u00fccklich sch\u00e4tzen, uns in der Natur so unbeschwert erleben zu d\u00fcrfen. FreiLuftLicht soll als Katalysator dienen und durch das Tauschmittel Geld bed\u00fcrftigen Kindern das zu erm\u00f6glichen, was f\u00fcr uns selbstverst\u00e4ndlich ist, n\u00e4mlich medizinische Hilfe. Kleine und auch gr\u00f6\u00dfere Eingriffe, die das Leben der Betroffenen so radikal \u00e4ndern k\u00f6nnen, sind durch unser Tun und unsere Spenden m\u00f6glich:&nbsp;<a href=\"http:\/\/www.pater-klaus.at\/\" target=\"_blank\" rel=\"noreferrer noopener\">www.pater-klaus.at<\/a>&nbsp;Es gibt dabei nur eine Regel: 100% der Einnahmen durch FreiLuftLicht werden gespendet! Menschenleben wurden in Bolivien, durch Pater Klaus, mit nur 30\u20ac gerettet! Para Ninos ist ein Hilfsprojekt f\u00fcr Kinder in Bolivien, dem sich der Salzburger &#8220;Pater Klaus&#8221; bereits seit vielen Jahren verschrieben hat. Unerm\u00fcdlich versucht er Spenden zu lukrieren, um damit die Not der Kinder zu lindern. Durch die gro\u00dfe Unterst\u00fctzung der letzten Jahre konnten bereits viele Einrichtungen in Bolivien entstehen, wie ein Haus f\u00fcr Stra\u00dfenkinder, Kinderg\u00e4rten, Dentalstationen und sogar ein Kinderkrankenhaus. Vielen konnte bereits geholfen werden und das FreiLuftLicht wird auch heuer einen gro\u00dfen Beitrag dazu leisten, dass auch in Zukunft viele bolivianische Kinder wieder oder vielleicht sogar zum ersten Mal in Ihrem Leben lachen k\u00f6nnen. Beim FeiLuftLicht, werden bei Sonnenuntergang und unter freiem Himmel am Bischling Kurzfilme gezeigt, die sich mit dem Thema &#8220;Fliegen&#8221; und der &#8220;Faszination Berg&#8221; auseinandersetzen. Bei musikalischer Umrahmung durch Reinhard Schiefer gibt es Getr\u00e4nke und Speisen. Jeder eingenommene Euro und Cent wird &#8220;1 zu 1&#8221; gespendet und flie\u00dft direkt in die Initiative Para Nino von Pater Klaus.<\/p>\n\n\n\n<h3>Wer ist Pater Klaus?<\/h3>\n\n\n\n<figure class=\"wp-block-embed is-type-video is-provider-youtube wp-block-embed-youtube wp-embed-aspect-16-9 wp-has-aspect-ratio\"><div class=\"wp-block-embed__wrapper\">\n<iframe loading=\"lazy\" title=\"Pater Klaus Laireiter erz\u00e4hlt \u00fcber sein Leben, seine Berufung und seine Arbeit in Bolivien.\" width=\"500\" height=\"281\" src=\"https:\/\/www.youtube.com\/embed\/dh4ebamVYag?feature=oembed\" frameborder=\"0\" allow=\"accelerometer; autoplay; clipboard-write; encrypted-media; gyroscope; picture-in-picture\" allowfullscreen><\/iframe>\n<\/div><\/figure>\n\n\n\n<h3>Die Auswirkungen von dem Projekt:<\/h3>\n\n\n\n<h3>Warum machen wir das:<\/h3>\n\n\n\n<p><strong>Spendensumme durch &#8220;FreiLuftLicht&#8221; bis jetzt: 42.086,39 \u20ac = Kaufkraft bei uns ca.: 590.000 \u20ac<\/strong>. <\/p>\n\n\n\n<p>Wir k\u00f6nnen uns wirklich sehr gl\u00fccklich sch\u00e4tzen, uns in der Natur so unbeschwert erleben zu d\u00fcrfen. FreiLuftLicht soll als Katalysator dienen und durch das Tauschmittel Geld bed\u00fcrftigen Kindern das zu erm\u00f6glichen, was f\u00fcr uns selbstverst\u00e4ndlich ist, n\u00e4mlich medizinische Hilfe. Kleine und auch gr\u00f6\u00dfere Eingriffe, die das Leben der Betroffenen so radikal \u00e4ndern k\u00f6nnen, sind durch unser Tun und unsere Spenden m\u00f6glich:&nbsp;<a href=\"http:\/\/www.pater-klaus.at\/\" target=\"_blank\" rel=\"noreferrer noopener\">www.pater-klaus.at<\/a>&nbsp;Es gibt dabei nur eine Regel: 100% der Einnahmen durch FreiLuftLicht werden gespendet! Menschenleben wurden in Bolivien, durch Pater Klaus, mit nur 30\u20ac gerettet! Para Ninos ist ein Hilfsprojekt f\u00fcr Kinder in Bolivien, dem sich der Salzburger &#8220;Pater Klaus&#8221; bereits seit vielen Jahren verschrieben hat. Unerm\u00fcdlich versucht er Spenden zu lukrieren, um damit die Not der Kinder zu lindern. Durch die gro\u00dfe Unterst\u00fctzung der letzten Jahre konnten bereits viele Einrichtungen in Bolivien entstehen, wie ein Haus f\u00fcr Stra\u00dfenkinder, Kinderg\u00e4rten, Dentalstationen und sogar ein Kinderkrankenhaus. Vielen konnte bereits geholfen werden und das FreiLuftLicht wird auch heuer einen gro\u00dfen Beitrag dazu leisten, dass auch in Zukunft viele bolivianische Kinder wieder oder vielleicht sogar zum ersten Mal in Ihrem Leben lachen k\u00f6nnen. Beim FeiLuftLicht, werden bei Sonnenuntergang und unter freiem Himmel am Bischling Kurzfilme gezeigt, die sich mit dem Thema &#8220;Fliegen&#8221; und der &#8220;Faszination Berg&#8221; auseinandersetzen. Bei musikalischer Umrahmung durch Reinhard Schiefer gibt es Getr\u00e4nke und Speisen. Jeder eingenommene Euro und Cent wird &#8220;1 zu 1&#8221; gespendet und flie\u00dft direkt in die Initiative Para Nino von Pater Klaus.<\/p>\n\n\n\n<figure class=\"wp-block-embed is-type-video is-provider-youtube wp-block-embed-youtube wp-embed-aspect-16-9 wp-has-aspect-ratio\"><div class=\"wp-block-embed__wrapper\">\n<iframe loading=\"lazy\" title=\"Jenny Sanasourri \u00fcber Pater Klaus und seine Spuren in Bolivien.\" width=\"500\" height=\"281\" src=\"https:\/\/www.youtube.com\/embed\/Y5TNpeD5s5I?feature=oembed\" frameborder=\"0\" allow=\"accelerometer; autoplay; clipboard-write; encrypted-media; gyroscope; picture-in-picture\" allowfullscreen><\/iframe>\n<\/div><\/figure>\n\n\n\n<h3>ORF Bericht mit Pater Klaus<\/h3>\n\n\n\n<figure class=\"wp-block-embed is-type-video is-provider-youtube wp-block-embed-youtube wp-embed-aspect-4-3 wp-has-aspect-ratio\"><div class=\"wp-block-embed__wrapper\">\n<iframe loading=\"lazy\" title=\"Pater Klaus Laireiter\" width=\"500\" height=\"375\" src=\"https:\/\/www.youtube.com\/embed\/sWp1m88lXFs?start=1&#038;feature=oembed\" frameborder=\"0\" allow=\"accelerometer; autoplay; clipboard-write; encrypted-media; gyroscope; picture-in-picture\" allowfullscreen><\/iframe>\n<\/div><\/figure>\n\n\n\n<figure class=\"wp-block-image size-full\"><img decoding=\"async\" loading=\"lazy\" width=\"2000\" height=\"1333\" src=\"https:\/\/www.barbarahof.com\/wp-content\/uploads\/2022\/06\/IMG_1193.jpg\" alt=\"\" class=\"wp-image-709\" srcset=\"https:\/\/barbarahof.com\/wp-content\/uploads\/2022\/06\/IMG_1193.jpg 2000w, https:\/\/barbarahof.com\/wp-content\/uploads\/2022\/06\/IMG_1193-300x200.jpg 300w, https:\/\/barbarahof.com\/wp-content\/uploads\/2022\/06\/IMG_1193-1024x682.jpg 1024w, https:\/\/barbarahof.com\/wp-content\/uploads\/2022\/06\/IMG_1193-768x512.jpg 768w, https:\/\/barbarahof.com\/wp-content\/uploads\/2022\/06\/IMG_1193-1536x1024.jpg 1536w\" sizes=\"(max-width: 2000px) 100vw, 2000px\" \/><figcaption class=\"wp-element-caption\">Das FreiLuftLicht am Bischling bei Vollmond<\/figcaption><\/figure>\n<\/div>\n<\/div>\n\n\n\n<figure class=\"is-layout-flex wp-block-gallery-1 wp-block-gallery has-nested-images columns-default is-cropped\">\n<figure class=\"wp-block-image size-large\"><img decoding=\"async\" loading=\"lazy\" width=\"1200\" height=\"800\" data-id=\"74\"  src=\"https:\/\/www.barbarahof.com\/wp-content\/uploads\/2022\/05\/2019-09-07_FreiluftLicht_Werfenweng_235.jpg\" alt=\"\" class=\"wp-image-74\" srcset=\"https:\/\/barbarahof.com\/wp-content\/uploads\/2022\/05\/2019-09-07_FreiluftLicht_Werfenweng_235.jpg 1200w, https:\/\/barbarahof.com\/wp-content\/uploads\/2022\/05\/2019-09-07_FreiluftLicht_Werfenweng_235-300x200.jpg 300w, https:\/\/barbarahof.com\/wp-content\/uploads\/2022\/05\/2019-09-07_FreiluftLicht_Werfenweng_235-1024x683.jpg 1024w, https:\/\/barbarahof.com\/wp-content\/uploads\/2022\/05\/2019-09-07_FreiluftLicht_Werfenweng_235-768x512.jpg 768w\" sizes=\"(max-width: 1200px) 100vw, 1200px\" \/><\/figure>\n\n\n\n<figure class=\"wp-block-image size-large\"><img decoding=\"async\" loading=\"lazy\" width=\"1200\" height=\"800\" data-id=\"73\"  src=\"https:\/\/www.barbarahof.com\/wp-content\/uploads\/2022\/05\/2019-09-07_FreiluftLicht_Werfenweng_179.jpg\" alt=\"\" class=\"wp-image-73\" srcset=\"https:\/\/barbarahof.com\/wp-content\/uploads\/2022\/05\/2019-09-07_FreiluftLicht_Werfenweng_179.jpg 1200w, https:\/\/barbarahof.com\/wp-content\/uploads\/2022\/05\/2019-09-07_FreiluftLicht_Werfenweng_179-300x200.jpg 300w, https:\/\/barbarahof.com\/wp-content\/uploads\/2022\/05\/2019-09-07_FreiluftLicht_Werfenweng_179-1024x683.jpg 1024w, https:\/\/barbarahof.com\/wp-content\/uploads\/2022\/05\/2019-09-07_FreiluftLicht_Werfenweng_179-768x512.jpg 768w\" sizes=\"(max-width: 1200px) 100vw, 1200px\" \/><\/figure>\n\n\n\n<figure class=\"wp-block-image size-large\"><img decoding=\"async\" loading=\"lazy\" width=\"1200\" height=\"800\" data-id=\"72\"  src=\"https:\/\/www.barbarahof.com\/wp-content\/uploads\/2022\/05\/2019-09-07_FreiluftLicht_Werfenweng_156.jpg\" alt=\"\" class=\"wp-image-72\" srcset=\"https:\/\/barbarahof.com\/wp-content\/uploads\/2022\/05\/2019-09-07_FreiluftLicht_Werfenweng_156.jpg 1200w, https:\/\/barbarahof.com\/wp-content\/uploads\/2022\/05\/2019-09-07_FreiluftLicht_Werfenweng_156-300x200.jpg 300w, https:\/\/barbarahof.com\/wp-content\/uploads\/2022\/05\/2019-09-07_FreiluftLicht_Werfenweng_156-1024x683.jpg 1024w, https:\/\/barbarahof.com\/wp-content\/uploads\/2022\/05\/2019-09-07_FreiluftLicht_Werfenweng_156-768x512.jpg 768w\" sizes=\"(max-width: 1200px) 100vw, 1200px\" \/><\/figure>\n\n\n\n<figure class=\"wp-block-image size-large\"><img decoding=\"async\" loading=\"lazy\" width=\"1200\" height=\"800\" data-id=\"66\"  src=\"https:\/\/www.barbarahof.com\/wp-content\/uploads\/2022\/05\/2019-09-07_FreiluftLicht_Werfenweng_199.jpg\" alt=\"\" class=\"wp-image-66\" srcset=\"https:\/\/barbarahof.com\/wp-content\/uploads\/2022\/05\/2019-09-07_FreiluftLicht_Werfenweng_199.jpg 1200w, https:\/\/barbarahof.com\/wp-content\/uploads\/2022\/05\/2019-09-07_FreiluftLicht_Werfenweng_199-300x200.jpg 300w, https:\/\/barbarahof.com\/wp-content\/uploads\/2022\/05\/2019-09-07_FreiluftLicht_Werfenweng_199-1024x683.jpg 1024w, https:\/\/barbarahof.com\/wp-content\/uploads\/2022\/05\/2019-09-07_FreiluftLicht_Werfenweng_199-768x512.jpg 768w\" sizes=\"(max-width: 1200px) 100vw, 1200px\" \/><\/figure>\n\n\n\n<figure class=\"wp-block-image size-large\"><img decoding=\"async\" loading=\"lazy\" width=\"1200\" height=\"800\" data-id=\"67\"  src=\"https:\/\/www.barbarahof.com\/wp-content\/uploads\/2022\/05\/2019-09-07_FreiluftLicht_Werfenweng_210.jpg\" alt=\"\" class=\"wp-image-67\" srcset=\"https:\/\/barbarahof.com\/wp-content\/uploads\/2022\/05\/2019-09-07_FreiluftLicht_Werfenweng_210.jpg 1200w, https:\/\/barbarahof.com\/wp-content\/uploads\/2022\/05\/2019-09-07_FreiluftLicht_Werfenweng_210-300x200.jpg 300w, https:\/\/barbarahof.com\/wp-content\/uploads\/2022\/05\/2019-09-07_FreiluftLicht_Werfenweng_210-1024x683.jpg 1024w, https:\/\/barbarahof.com\/wp-content\/uploads\/2022\/05\/2019-09-07_FreiluftLicht_Werfenweng_210-768x512.jpg 768w\" sizes=\"(max-width: 1200px) 100vw, 1200px\" \/><\/figure>\n\n\n\n<figure class=\"wp-block-image size-large\"><img decoding=\"async\" loading=\"lazy\" width=\"1200\" height=\"800\" data-id=\"68\"  src=\"https:\/\/www.barbarahof.com\/wp-content\/uploads\/2022\/05\/2019-09-07_FreiluftLicht_Werfenweng_264.jpg\" alt=\"\" class=\"wp-image-68\" srcset=\"https:\/\/barbarahof.com\/wp-content\/uploads\/2022\/05\/2019-09-07_FreiluftLicht_Werfenweng_264.jpg 1200w, https:\/\/barbarahof.com\/wp-content\/uploads\/2022\/05\/2019-09-07_FreiluftLicht_Werfenweng_264-300x200.jpg 300w, https:\/\/barbarahof.com\/wp-content\/uploads\/2022\/05\/2019-09-07_FreiluftLicht_Werfenweng_264-1024x683.jpg 1024w, https:\/\/barbarahof.com\/wp-content\/uploads\/2022\/05\/2019-09-07_FreiluftLicht_Werfenweng_264-768x512.jpg 768w\" sizes=\"(max-width: 1200px) 100vw, 1200px\" \/><\/figure>\n\n\n\n<figure class=\"wp-block-image size-large\"><img decoding=\"async\" loading=\"lazy\" width=\"1200\" height=\"800\" data-id=\"70\"  src=\"https:\/\/www.barbarahof.com\/wp-content\/uploads\/2022\/05\/2019-09-07_FreiluftLicht_Werfenweng_120.jpg\" alt=\"\" class=\"wp-image-70\" srcset=\"https:\/\/barbarahof.com\/wp-content\/uploads\/2022\/05\/2019-09-07_FreiluftLicht_Werfenweng_120.jpg 1200w, https:\/\/barbarahof.com\/wp-content\/uploads\/2022\/05\/2019-09-07_FreiluftLicht_Werfenweng_120-300x200.jpg 300w, https:\/\/barbarahof.com\/wp-content\/uploads\/2022\/05\/2019-09-07_FreiluftLicht_Werfenweng_120-1024x683.jpg 1024w, https:\/\/barbarahof.com\/wp-content\/uploads\/2022\/05\/2019-09-07_FreiluftLicht_Werfenweng_120-768x512.jpg 768w\" sizes=\"(max-width: 1200px) 100vw, 1200px\" \/><\/figure>\n\n\n\n<figure class=\"wp-block-image size-large\"><img decoding=\"async\" loading=\"lazy\" width=\"1200\" height=\"800\" data-id=\"64\"  src=\"https:\/\/www.barbarahof.com\/wp-content\/uploads\/2022\/05\/2019-09-07_FreiluftLicht_Werfenweng_162.jpg\" alt=\"\" class=\"wp-image-64\" srcset=\"https:\/\/barbarahof.com\/wp-content\/uploads\/2022\/05\/2019-09-07_FreiluftLicht_Werfenweng_162.jpg 1200w, https:\/\/barbarahof.com\/wp-content\/uploads\/2022\/05\/2019-09-07_FreiluftLicht_Werfenweng_162-300x200.jpg 300w, https:\/\/barbarahof.com\/wp-content\/uploads\/2022\/05\/2019-09-07_FreiluftLicht_Werfenweng_162-1024x683.jpg 1024w, https:\/\/barbarahof.com\/wp-content\/uploads\/2022\/05\/2019-09-07_FreiluftLicht_Werfenweng_162-768x512.jpg 768w\" sizes=\"(max-width: 1200px) 100vw, 1200px\" \/><\/figure>\n\n\n\n<figure class=\"wp-block-image size-large\"><img decoding=\"async\" loading=\"lazy\" width=\"1200\" height=\"800\" data-id=\"75\"  src=\"https:\/\/www.barbarahof.com\/wp-content\/uploads\/2022\/05\/2019-09-07_FreiluftLicht_Werfenweng_45.jpg\" alt=\"\" class=\"wp-image-75\" srcset=\"https:\/\/barbarahof.com\/wp-content\/uploads\/2022\/05\/2019-09-07_FreiluftLicht_Werfenweng_45.jpg 1200w, https:\/\/barbarahof.com\/wp-content\/uploads\/2022\/05\/2019-09-07_FreiluftLicht_Werfenweng_45-300x200.jpg 300w, https:\/\/barbarahof.com\/wp-content\/uploads\/2022\/05\/2019-09-07_FreiluftLicht_Werfenweng_45-1024x683.jpg 1024w, https:\/\/barbarahof.com\/wp-content\/uploads\/2022\/05\/2019-09-07_FreiluftLicht_Werfenweng_45-768x512.jpg 768w\" sizes=\"(max-width: 1200px) 100vw, 1200px\" \/><\/figure>\n<\/figure>\n","protected":false},"excerpt":{"rendered":"","protected":false},"author":2,"featured_media":921,"parent":1239,"menu_order":4,"comment_status":"closed","ping_status":"closed","template":"","meta":[],"acf":[],"yoast_head":"<!-- This site is optimized with the Yoast SEO plugin v19.10 - https:\/\/yoast.com\/wordpress\/plugins\/seo\/ -->\n<title>FreiLuftLicht &mdash; Barbarahof Werfenweng im Salzburger Land<\/title>\n<meta name=\"robots\" content=\"index, follow, max-snippet:-1, max-image-preview:large, max-video-preview:-1\" \/>\n<link rel=\"canonical\" href=\"https:\/\/barbarahof.com\/en\/barbarahof\/freiluftlicht\/\" \/>\n<meta property=\"og:locale\" content=\"en_US\" \/>\n<meta property=\"og:type\" content=\"article\" \/>\n<meta property=\"og:title\" content=\"FreiLuftLicht &mdash; Barbarahof Werfenweng im Salzburger Land\" \/>\n<meta property=\"og:url\" content=\"https:\/\/barbarahof.com\/en\/barbarahof\/freiluftlicht\/\" \/>\n<meta property=\"og:site_name\" content=\"Barbarahof Werfenweng\" \/>\n<meta property=\"article:modified_time\" content=\"2025-03-31T11:55:58+00:00\" \/>\n<meta property=\"og:image\" content=\"https:\/\/barbarahof.com\/wp-content\/uploads\/2022\/05\/2019-09-07_FreiluftLicht_Werfenweng_213.jpg\" \/>\n\t<meta property=\"og:image:width\" content=\"1200\" \/>\n\t<meta property=\"og:image:height\" content=\"800\" \/>\n\t<meta property=\"og:image:type\" content=\"image\/jpeg\" \/>\n<meta name=\"twitter:card\" content=\"summary_large_image\" \/>\n<meta name=\"twitter:label1\" content=\"Est. reading time\" \/>\n\t<meta name=\"twitter:data1\" content=\"6 minutes\" \/>\n<script type=\"application\/ld+json\" class=\"yoast-schema-graph\">{\"@context\":\"https:\/\/schema.org\",\"@graph\":[{\"@type\":\"WebPage\",\"@id\":\"https:\/\/barbarahof.com\/en\/barbarahof\/freiluftlicht\/\",\"url\":\"https:\/\/barbarahof.com\/en\/barbarahof\/freiluftlicht\/\",\"name\":\"FreiLuftLicht &mdash; Barbarahof Werfenweng im Salzburger Land\",\"isPartOf\":{\"@id\":\"https:\/\/barbarahof.com\/en\/#website\"},\"datePublished\":\"2022-05-23T07:47:06+00:00\",\"dateModified\":\"2025-03-31T11:55:58+00:00\",\"breadcrumb\":{\"@id\":\"https:\/\/barbarahof.com\/en\/barbarahof\/freiluftlicht\/#breadcrumb\"},\"inLanguage\":\"en-US\",\"potentialAction\":[{\"@type\":\"ReadAction\",\"target\":[\"https:\/\/barbarahof.com\/en\/barbarahof\/freiluftlicht\/\"]}]},{\"@type\":\"BreadcrumbList\",\"@id\":\"https:\/\/barbarahof.com\/en\/barbarahof\/freiluftlicht\/#breadcrumb\",\"itemListElement\":[{\"@type\":\"ListItem\",\"position\":1,\"name\":\"Startseite\",\"item\":\"https:\/\/barbarahof.com\/en\/\"},{\"@type\":\"ListItem\",\"position\":2,\"name\":\"Barbarahof\",\"item\":\"https:\/\/barbarahof.com\/en\/barbarahof\/\"},{\"@type\":\"ListItem\",\"position\":3,\"name\":\"FreiLuftLicht\"}]},{\"@type\":\"WebSite\",\"@id\":\"https:\/\/barbarahof.com\/en\/#website\",\"url\":\"https:\/\/barbarahof.com\/en\/\",\"name\":\"Barbarahof Werfenweng\",\"description\":\"im Salzburger Land\",\"publisher\":{\"@id\":\"https:\/\/barbarahof.com\/en\/#organization\"},\"potentialAction\":[{\"@type\":\"SearchAction\",\"target\":{\"@type\":\"EntryPoint\",\"urlTemplate\":\"https:\/\/barbarahof.com\/en\/?s={search_term_string}\"},\"query-input\":\"required name=search_term_string\"}],\"inLanguage\":\"en-US\"},{\"@type\":\"Organization\",\"@id\":\"https:\/\/barbarahof.com\/en\/#organization\",\"name\":\"Barbarahof Werfenweng\",\"url\":\"https:\/\/barbarahof.com\/en\/\",\"logo\":{\"@type\":\"ImageObject\",\"inLanguage\":\"en-US\",\"@id\":\"https:\/\/barbarahof.com\/en\/#\/schema\/logo\/image\/\",\"url\":\"https:\/\/www.barbarahof.com\/wp-content\/uploads\/2022\/05\/Barbarahof_Logo_RGB.jpg\",\"contentUrl\":\"https:\/\/www.barbarahof.com\/wp-content\/uploads\/2022\/05\/Barbarahof_Logo_RGB.jpg\",\"width\":1000,\"height\":510,\"caption\":\"Barbarahof Werfenweng\"},\"image\":{\"@id\":\"https:\/\/barbarahof.com\/en\/#\/schema\/logo\/image\/\"}}]}<\/script>\n<!-- \/ Yoast SEO plugin. -->","yoast_head_json":{"title":"FreiLuftLicht &mdash; Barbarahof Werfenweng im Salzburger Land","robots":{"index":"index","follow":"follow","max-snippet":"max-snippet:-1","max-image-preview":"max-image-preview:large","max-video-preview":"max-video-preview:-1"},"canonical":"https:\/\/barbarahof.com\/en\/barbarahof\/freiluftlicht\/","og_locale":"en_US","og_type":"article","og_title":"FreiLuftLicht &mdash; Barbarahof Werfenweng im Salzburger Land","og_url":"https:\/\/barbarahof.com\/en\/barbarahof\/freiluftlicht\/","og_site_name":"Barbarahof Werfenweng","article_modified_time":"2025-03-31T11:55:58+00:00","og_image":[{"width":1200,"height":800,"url":"https:\/\/barbarahof.com\/wp-content\/uploads\/2022\/05\/2019-09-07_FreiluftLicht_Werfenweng_213.jpg","type":"image\/jpeg"}],"twitter_card":"summary_large_image","twitter_misc":{"Est. reading time":"6 minutes"},"schema":{"@context":"https:\/\/schema.org","@graph":[{"@type":"WebPage","@id":"https:\/\/barbarahof.com\/en\/barbarahof\/freiluftlicht\/","url":"https:\/\/barbarahof.com\/en\/barbarahof\/freiluftlicht\/","name":"FreiLuftLicht &mdash; Barbarahof Werfenweng im Salzburger Land","isPartOf":{"@id":"https:\/\/barbarahof.com\/en\/#website"},"datePublished":"2022-05-23T07:47:06+00:00","dateModified":"2025-03-31T11:55:58+00:00","breadcrumb":{"@id":"https:\/\/barbarahof.com\/en\/barbarahof\/freiluftlicht\/#breadcrumb"},"inLanguage":"en-US","potentialAction":[{"@type":"ReadAction","target":["https:\/\/barbarahof.com\/en\/barbarahof\/freiluftlicht\/"]}]},{"@type":"BreadcrumbList","@id":"https:\/\/barbarahof.com\/en\/barbarahof\/freiluftlicht\/#breadcrumb","itemListElement":[{"@type":"ListItem","position":1,"name":"Startseite","item":"https:\/\/barbarahof.com\/en\/"},{"@type":"ListItem","position":2,"name":"Barbarahof","item":"https:\/\/barbarahof.com\/en\/barbarahof\/"},{"@type":"ListItem","position":3,"name":"FreiLuftLicht"}]},{"@type":"WebSite","@id":"https:\/\/barbarahof.com\/en\/#website","url":"https:\/\/barbarahof.com\/en\/","name":"Barbarahof Werfenweng","description":"im Salzburger Land","publisher":{"@id":"https:\/\/barbarahof.com\/en\/#organization"},"potentialAction":[{"@type":"SearchAction","target":{"@type":"EntryPoint","urlTemplate":"https:\/\/barbarahof.com\/en\/?s={search_term_string}"},"query-input":"required name=search_term_string"}],"inLanguage":"en-US"},{"@type":"Organization","@id":"https:\/\/barbarahof.com\/en\/#organization","name":"Barbarahof Werfenweng","url":"https:\/\/barbarahof.com\/en\/","logo":{"@type":"ImageObject","inLanguage":"en-US","@id":"https:\/\/barbarahof.com\/en\/#\/schema\/logo\/image\/","url":"https:\/\/www.barbarahof.com\/wp-content\/uploads\/2022\/05\/Barbarahof_Logo_RGB.jpg","contentUrl":"https:\/\/www.barbarahof.com\/wp-content\/uploads\/2022\/05\/Barbarahof_Logo_RGB.jpg","width":1000,"height":510,"caption":"Barbarahof Werfenweng"},"image":{"@id":"https:\/\/barbarahof.com\/en\/#\/schema\/logo\/image\/"}}]}},"_links":{"self":[{"href":"https:\/\/barbarahof.com\/en\/wp-json\/wp\/v2\/pages\/1235"}],"collection":[{"href":"https:\/\/barbarahof.com\/en\/wp-json\/wp\/v2\/pages"}],"about":[{"href":"https:\/\/barbarahof.com\/en\/wp-json\/wp\/v2\/types\/page"}],"author":[{"embeddable":true,"href":"https:\/\/barbarahof.com\/en\/wp-json\/wp\/v2\/users\/2"}],"replies":[{"embeddable":true,"href":"https:\/\/barbarahof.com\/en\/wp-json\/wp\/v2\/comments?post=1235"}],"version-history":[{"count":3,"href":"https:\/\/barbarahof.com\/en\/wp-json\/wp\/v2\/pages\/1235\/revisions"}],"predecessor-version":[{"id":1946,"href":"https:\/\/barbarahof.com\/en\/wp-json\/wp\/v2\/pages\/1235\/revisions\/1946"}],"up":[{"embeddable":true,"href":"https:\/\/barbarahof.com\/en\/wp-json\/wp\/v2\/pages\/1239"}],"wp:featuredmedia":[{"embeddable":true,"href":"https:\/\/barbarahof.com\/en\/wp-json\/wp\/v2\/media\/921"}],"wp:attachment":[{"href":"https:\/\/barbarahof.com\/en\/wp-json\/wp\/v2\/media?parent=1235"}],"curies":[{"name":"wp","href":"https:\/\/api.w.org\/{rel}","templated":true}]}}