{"id":1225,"date":"2022-05-23T09:51:35","date_gmt":"2022-05-23T07:51:35","guid":{"rendered":"https:\/\/www2.my-bischling.at\/wordpress\/wandern\/"},"modified":"2022-11-13T18:27:59","modified_gmt":"2022-11-13T17:27:59","slug":"hiking","status":"publish","type":"page","link":"https:\/\/barbarahof.com\/en\/summer\/hiking\/","title":{"rendered":"Hiking"},"content":{"rendered":"\n<div class=\"wp-block-mxms-blocks-mxms-columns bg-is-transparent testClassName\">\n<div class=\"wp-block-mxms-blocks-mxms-column has-col-12 has-offset-0\">\n<h2>Hiking in Werfenweng<\/h2>\n\n\n\n<p>Werfenweng and its surroundings provide visitors with lovely walks, easy hikes and challenging summits. You can also of course just enjoy the sun and fresh alpine air. Bischling mountain is the starting point to over 85 kilometers of hiking trails, where many adventures await you. There are numerous huts and mountain restaurants that are also popular excursion destinations. Visitors are sure to have memorable experiences with breathtaking\u00a0\u00a0views! You can take the modern IKARUS cable-car, which sits 8 people and allows you to reach Bischling mountain in about 10 minutes. It\u2019s a relaxing, beautiful and safe ride up to the summit, and we are sure you\u2019ll enjoy every second!<\/p>\n\n\n\n<figure class=\"wp-block-image size-full\"><img decoding=\"async\" loading=\"lazy\" width=\"2560\" height=\"1440\" src=\"https:\/\/www.barbarahof.com\/wp-content\/uploads\/2022\/05\/Ikarus-7.jpg\" alt=\"\" class=\"wp-image-178\" srcset=\"https:\/\/barbarahof.com\/wp-content\/uploads\/2022\/05\/Ikarus-7.jpg 2560w, https:\/\/barbarahof.com\/wp-content\/uploads\/2022\/05\/Ikarus-7-300x169.jpg 300w, https:\/\/barbarahof.com\/wp-content\/uploads\/2022\/05\/Ikarus-7-1024x576.jpg 1024w, https:\/\/barbarahof.com\/wp-content\/uploads\/2022\/05\/Ikarus-7-768x432.jpg 768w, https:\/\/barbarahof.com\/wp-content\/uploads\/2022\/05\/Ikarus-7-1536x864.jpg 1536w, https:\/\/barbarahof.com\/wp-content\/uploads\/2022\/05\/Ikarus-7-2048x1152.jpg 2048w\" sizes=\"(max-width: 2560px) 100vw, 2560px\" \/><\/figure>\n\n\n\n<figure class=\"wp-block-image size-full\"><img decoding=\"async\" loading=\"lazy\" width=\"2560\" height=\"2094\" src=\"https:\/\/www.barbarahof.com\/wp-content\/uploads\/2022\/06\/wanderkarte-werfenweng-scaled.jpg\" alt=\"\" class=\"wp-image-790\" srcset=\"https:\/\/barbarahof.com\/wp-content\/uploads\/2022\/06\/wanderkarte-werfenweng-scaled.jpg 2560w, https:\/\/barbarahof.com\/wp-content\/uploads\/2022\/06\/wanderkarte-werfenweng-300x245.jpg 300w, https:\/\/barbarahof.com\/wp-content\/uploads\/2022\/06\/wanderkarte-werfenweng-1024x838.jpg 1024w, https:\/\/barbarahof.com\/wp-content\/uploads\/2022\/06\/wanderkarte-werfenweng-768x628.jpg 768w, https:\/\/barbarahof.com\/wp-content\/uploads\/2022\/06\/wanderkarte-werfenweng-1536x1256.jpg 1536w, https:\/\/barbarahof.com\/wp-content\/uploads\/2022\/06\/wanderkarte-werfenweng-2048x1675.jpg 2048w\" sizes=\"(max-width: 2560px) 100vw, 2560px\" \/><\/figure>\n\n\n\n<h2 class=\"has-large-font-size\">Wandervorschl\u00e4ge<\/h2>\n\n\n\n<h3>LADENBERG &#8211; F\u00dcR DEN GEM\u00dcTLICHEN TAG<\/h3>\n\n\n\n<p>Bischlingh\u00f6he &#8211; Richtung Ladenberg zum Anton-Proksch-Haus,&nbsp; Dauer: ca. 45 Minuten oder weiter in Richtung Strussingalm<br>Dauer: ca. 1 Stunde (gesamt)<\/p>\n\n\n\n<h3>DR. HEINRICH-HACKL-H\u00dcTTE<\/h3>\n\n\n\n<p>Bischlingh\u00f6he &#8211; Ladenberg &#8211; Anton-Proksch-Haus, weiter \u00fcber Brandst\u00e4ttalm zur Dr. Heinrich-Hackl-H\u00fctte<br>Dauer: ca 2 Stunden<br>Hier ist auch der Ausgangspunkt f\u00fcr Alpinwanderungen zum Eiskogel oder Tauernkogel<\/p>\n\n\n\n<h3>Bischling Rundweg<\/h3>\n\n\n\n<p>Bischlingh\u00f6he &#8211; Bischlingalm, weiter \u00fcber Weg Nr. 52c Richtung Ladenberg &#8211; zur\u00fcck auf die Bischlingh\u00f6he, oder umgekehrte Richtung.<br>Dauer: ca 2 Stunden<br>Weg Nr. 52 + 52c<\/p>\n\n\n\n<h3>Hundsdorfalm &#8211; Barbarahof<\/h3>\n\n\n\n<p>Bischlingh\u00f6he &#8211; Bischlingalm &#8211; Bischlingscharte, abzweigen zur Strussingalm oder zum Barbarahof.<br>Dauer: ca 2 Stunde<\/p>\n\n\n\n<h3>Strussing &#8211; Barbarahof<\/h3>\n\n\n\n<p>Von der Bischlingh\u00f6he \u00fcber Ladenberg zur Strussingalm, weiter \u00fcber Weg Nr. 51 &#8211; Zaglauberg zum Barbarahof<br>Dauer: ca 2 Stunden<br>Weg Nr. 52 + 51<\/p>\n\n\n\n<h3>H\u00f6henweg Jochriedel<\/h3>\n\n\n\n<p>Bischlingh\u00f6he &#8211; Ladenberg Richtung Brandlbergk\u00f6pfe; H\u00f6henwanderung zur Frommerhochalm &#8211; weiter zur Frommerniederalm &#8211; zur\u00fcck \u00fcber Ladenberg<br>Dauer: ca 4 Stunden<\/p>\n<\/div>\n<\/div>\n","protected":false},"excerpt":{"rendered":"","protected":false},"author":2,"featured_media":1043,"parent":1227,"menu_order":2,"comment_status":"closed","ping_status":"closed","template":"","meta":[],"acf":[],"yoast_head":"<!-- This site is optimized with the Yoast SEO plugin v19.10 - https:\/\/yoast.com\/wordpress\/plugins\/seo\/ -->\n<title>Hiking &mdash; Barbarahof Werfenweng im Salzburger Land<\/title>\n<meta name=\"robots\" content=\"index, follow, max-snippet:-1, max-image-preview:large, max-video-preview:-1\" \/>\n<link rel=\"canonical\" href=\"https:\/\/barbarahof.com\/en\/summer\/hiking\/\" \/>\n<meta property=\"og:locale\" content=\"en_US\" \/>\n<meta property=\"og:type\" content=\"article\" \/>\n<meta property=\"og:title\" content=\"Hiking &mdash; Barbarahof Werfenweng im Salzburger Land\" \/>\n<meta property=\"og:url\" content=\"https:\/\/barbarahof.com\/en\/summer\/hiking\/\" \/>\n<meta property=\"og:site_name\" content=\"Barbarahof Werfenweng\" \/>\n<meta property=\"article:modified_time\" content=\"2022-11-13T17:27:59+00:00\" \/>\n<meta property=\"og:image\" content=\"https:\/\/barbarahof.com\/wp-content\/uploads\/2022\/05\/Pause-4.jpg\" \/>\n\t<meta property=\"og:image:width\" content=\"2560\" \/>\n\t<meta property=\"og:image:height\" content=\"1920\" \/>\n\t<meta property=\"og:image:type\" content=\"image\/jpeg\" \/>\n<meta name=\"twitter:card\" content=\"summary_large_image\" \/>\n<meta name=\"twitter:label1\" content=\"Est. reading time\" \/>\n\t<meta name=\"twitter:data1\" content=\"2 minutes\" \/>\n<script type=\"application\/ld+json\" class=\"yoast-schema-graph\">{\"@context\":\"https:\/\/schema.org\",\"@graph\":[{\"@type\":\"WebPage\",\"@id\":\"https:\/\/barbarahof.com\/en\/summer\/hiking\/\",\"url\":\"https:\/\/barbarahof.com\/en\/summer\/hiking\/\",\"name\":\"Hiking &mdash; Barbarahof Werfenweng im Salzburger Land\",\"isPartOf\":{\"@id\":\"https:\/\/barbarahof.com\/en\/#website\"},\"datePublished\":\"2022-05-23T07:51:35+00:00\",\"dateModified\":\"2022-11-13T17:27:59+00:00\",\"breadcrumb\":{\"@id\":\"https:\/\/barbarahof.com\/en\/summer\/hiking\/#breadcrumb\"},\"inLanguage\":\"en-US\",\"potentialAction\":[{\"@type\":\"ReadAction\",\"target\":[\"https:\/\/barbarahof.com\/en\/summer\/hiking\/\"]}]},{\"@type\":\"BreadcrumbList\",\"@id\":\"https:\/\/barbarahof.com\/en\/summer\/hiking\/#breadcrumb\",\"itemListElement\":[{\"@type\":\"ListItem\",\"position\":1,\"name\":\"Startseite\",\"item\":\"https:\/\/barbarahof.com\/en\/\"},{\"@type\":\"ListItem\",\"position\":2,\"name\":\"Summer\",\"item\":\"https:\/\/barbarahof.com\/en\/summer\/\"},{\"@type\":\"ListItem\",\"position\":3,\"name\":\"Hiking\"}]},{\"@type\":\"WebSite\",\"@id\":\"https:\/\/barbarahof.com\/en\/#website\",\"url\":\"https:\/\/barbarahof.com\/en\/\",\"name\":\"Barbarahof Werfenweng\",\"description\":\"im Salzburger Land\",\"publisher\":{\"@id\":\"https:\/\/barbarahof.com\/en\/#organization\"},\"potentialAction\":[{\"@type\":\"SearchAction\",\"target\":{\"@type\":\"EntryPoint\",\"urlTemplate\":\"https:\/\/barbarahof.com\/en\/?s={search_term_string}\"},\"query-input\":\"required name=search_term_string\"}],\"inLanguage\":\"en-US\"},{\"@type\":\"Organization\",\"@id\":\"https:\/\/barbarahof.com\/en\/#organization\",\"name\":\"Barbarahof Werfenweng\",\"url\":\"https:\/\/barbarahof.com\/en\/\",\"logo\":{\"@type\":\"ImageObject\",\"inLanguage\":\"en-US\",\"@id\":\"https:\/\/barbarahof.com\/en\/#\/schema\/logo\/image\/\",\"url\":\"https:\/\/www.barbarahof.com\/wp-content\/uploads\/2022\/05\/Barbarahof_Logo_RGB.jpg\",\"contentUrl\":\"https:\/\/www.barbarahof.com\/wp-content\/uploads\/2022\/05\/Barbarahof_Logo_RGB.jpg\",\"width\":1000,\"height\":510,\"caption\":\"Barbarahof Werfenweng\"},\"image\":{\"@id\":\"https:\/\/barbarahof.com\/en\/#\/schema\/logo\/image\/\"}}]}<\/script>\n<!-- \/ Yoast SEO plugin. -->","yoast_head_json":{"title":"Hiking &mdash; Barbarahof Werfenweng im Salzburger Land","robots":{"index":"index","follow":"follow","max-snippet":"max-snippet:-1","max-image-preview":"max-image-preview:large","max-video-preview":"max-video-preview:-1"},"canonical":"https:\/\/barbarahof.com\/en\/summer\/hiking\/","og_locale":"en_US","og_type":"article","og_title":"Hiking &mdash; Barbarahof Werfenweng im Salzburger Land","og_url":"https:\/\/barbarahof.com\/en\/summer\/hiking\/","og_site_name":"Barbarahof Werfenweng","article_modified_time":"2022-11-13T17:27:59+00:00","og_image":[{"width":2560,"height":1920,"url":"https:\/\/barbarahof.com\/wp-content\/uploads\/2022\/05\/Pause-4.jpg","type":"image\/jpeg"}],"twitter_card":"summary_large_image","twitter_misc":{"Est. reading time":"2 minutes"},"schema":{"@context":"https:\/\/schema.org","@graph":[{"@type":"WebPage","@id":"https:\/\/barbarahof.com\/en\/summer\/hiking\/","url":"https:\/\/barbarahof.com\/en\/summer\/hiking\/","name":"Hiking &mdash; Barbarahof Werfenweng im Salzburger Land","isPartOf":{"@id":"https:\/\/barbarahof.com\/en\/#website"},"datePublished":"2022-05-23T07:51:35+00:00","dateModified":"2022-11-13T17:27:59+00:00","breadcrumb":{"@id":"https:\/\/barbarahof.com\/en\/summer\/hiking\/#breadcrumb"},"inLanguage":"en-US","potentialAction":[{"@type":"ReadAction","target":["https:\/\/barbarahof.com\/en\/summer\/hiking\/"]}]},{"@type":"BreadcrumbList","@id":"https:\/\/barbarahof.com\/en\/summer\/hiking\/#breadcrumb","itemListElement":[{"@type":"ListItem","position":1,"name":"Startseite","item":"https:\/\/barbarahof.com\/en\/"},{"@type":"ListItem","position":2,"name":"Summer","item":"https:\/\/barbarahof.com\/en\/summer\/"},{"@type":"ListItem","position":3,"name":"Hiking"}]},{"@type":"WebSite","@id":"https:\/\/barbarahof.com\/en\/#website","url":"https:\/\/barbarahof.com\/en\/","name":"Barbarahof Werfenweng","description":"im Salzburger Land","publisher":{"@id":"https:\/\/barbarahof.com\/en\/#organization"},"potentialAction":[{"@type":"SearchAction","target":{"@type":"EntryPoint","urlTemplate":"https:\/\/barbarahof.com\/en\/?s={search_term_string}"},"query-input":"required name=search_term_string"}],"inLanguage":"en-US"},{"@type":"Organization","@id":"https:\/\/barbarahof.com\/en\/#organization","name":"Barbarahof Werfenweng","url":"https:\/\/barbarahof.com\/en\/","logo":{"@type":"ImageObject","inLanguage":"en-US","@id":"https:\/\/barbarahof.com\/en\/#\/schema\/logo\/image\/","url":"https:\/\/www.barbarahof.com\/wp-content\/uploads\/2022\/05\/Barbarahof_Logo_RGB.jpg","contentUrl":"https:\/\/www.barbarahof.com\/wp-content\/uploads\/2022\/05\/Barbarahof_Logo_RGB.jpg","width":1000,"height":510,"caption":"Barbarahof Werfenweng"},"image":{"@id":"https:\/\/barbarahof.com\/en\/#\/schema\/logo\/image\/"}}]}},"_links":{"self":[{"href":"https:\/\/barbarahof.com\/en\/wp-json\/wp\/v2\/pages\/1225"}],"collection":[{"href":"https:\/\/barbarahof.com\/en\/wp-json\/wp\/v2\/pages"}],"about":[{"href":"https:\/\/barbarahof.com\/en\/wp-json\/wp\/v2\/types\/page"}],"author":[{"embeddable":true,"href":"https:\/\/barbarahof.com\/en\/wp-json\/wp\/v2\/users\/2"}],"replies":[{"embeddable":true,"href":"https:\/\/barbarahof.com\/en\/wp-json\/wp\/v2\/comments?post=1225"}],"version-history":[{"count":4,"href":"https:\/\/barbarahof.com\/en\/wp-json\/wp\/v2\/pages\/1225\/revisions"}],"predecessor-version":[{"id":1557,"href":"https:\/\/barbarahof.com\/en\/wp-json\/wp\/v2\/pages\/1225\/revisions\/1557"}],"up":[{"embeddable":true,"href":"https:\/\/barbarahof.com\/en\/wp-json\/wp\/v2\/pages\/1227"}],"wp:featuredmedia":[{"embeddable":true,"href":"https:\/\/barbarahof.com\/en\/wp-json\/wp\/v2\/media\/1043"}],"wp:attachment":[{"href":"https:\/\/barbarahof.com\/en\/wp-json\/wp\/v2\/media?parent=1225"}],"curies":[{"name":"wp","href":"https:\/\/api.w.org\/{rel}","templated":true}]}}