{"id":1220,"date":"2022-05-23T09:53:18","date_gmt":"2022-05-23T07:53:18","guid":{"rendered":"https:\/\/www2.my-bischling.at\/wordpress\/impressum\/"},"modified":"2022-11-10T11:02:07","modified_gmt":"2022-11-10T10:02:07","slug":"imprint","status":"publish","type":"page","link":"https:\/\/barbarahof.com\/en\/imprint\/","title":{"rendered":"Imprint"},"content":{"rendered":"\n<div class=\"wp-block-mxms-blocks-mxms-columns bg-is-transparent testClassName\">\n<div class=\"wp-block-mxms-blocks-mxms-column has-col-12 has-offset-0\">\n<p><\/p>\n\n\n\n<h1>Imprint<\/h1>\n\n\n\n<h2>Verantwortlich f\u00fcr den Inhalt<\/h2>\n\n\n\n<h4>GASTHOF-PENSION BARBARAHOF<\/h4>\n\n\n\n<p>Weng 77<br>5453 Werfenweng<br>Austria<\/p>\n\n\n\n<p>Tel.:&nbsp;<a target=\"_blank\" rel=\"noreferrer noopener\">+43 (0) 64 66 \/ 402<\/a><br>Web:&nbsp;<a href=\"http:\/\/www.barbarahof.com\/\" target=\"_blank\" rel=\"noreferrer noopener\">www.barbarahof.com<\/a><br>E-Mail:&nbsp;<a target=\"_blank\" rel=\"noreferrer noopener\">info@barbarahof.com<\/a><\/p>\n\n\n\n<p>Bank: Raika Werfenweng<br>IBAN: AT57 3507 2000 0203 1367<br>BIC: RVSAAT2S072<br>Beh\u00f6rde gem. ECG: Bezirkshauptmannschaft St. Johann im Pongau<br>UID Nr.: ATU53262302<br>Gerichtsstand: St. Johann im Pongau<br>Rechtsform: Einzellunternehmen<br>Gewerbe: Gastronomie &amp; Beherbergung<\/p>\n\n\n\n<h3>Bildnachweis<\/h3>\n\n\n\n<p>Barbarahof &#8211; Bergmann &#8211; Bergbahnen Werfenweng &#8211; Wolfgang Liehenbacher &#8211; TVB Werfenwng<\/p>\n\n\n\n<h3>Inhalt des Online Angebots<\/h3>\n\n\n\n<p>Der Autor \u00fcbernimmt keinerlei Gew\u00e4hr f\u00fcr die Aktualit\u00e4t, Korrektheit, Vollst\u00e4ndigkeit oder Qualit\u00e4t der bereitgestellten Informationen. Haftungsanspr\u00fcche gegen den Autor, welche sich auf Sch\u00e4den materieller oder ideeller Art beziehen, die durch die Nutzung oder Nichtnutzung der dargebotenen Informationen bzw. durch die Nutzung fehlerhafter und unvollst\u00e4ndiger Informationen verursacht wurden, sind grunds\u00e4tzlich ausgeschlossen, sofern seitens des Autors kein nachweislich vors\u00e4tzliches oder grob fahrl\u00e4ssiges Verschulden vorliegt. Alle Angebote sind freibleibend und unverbindlich. Der Autor beh\u00e4lt es sich ausdr\u00fccklich vor, Teile der Seiten oder das gesamte Angebot ohne gesonderte Ank\u00fcndigung zu ver\u00e4ndern, zu erg\u00e4nzen, zu l\u00f6schen oder die Ver\u00f6ffentlichung zeitweise oder endg\u00fcltig einzustellen.<\/p>\n\n\n\n<h3>Haftung f\u00fcr Links<\/h3>\n\n\n\n<p>Trotz sorgf\u00e4ltiger inhaltlicher Kontrolle \u00fcbernehmen wir keine Haftung f\u00fcr die Inhalte externer Links. F\u00fcr den Inhalt der verlinkten Seiten sind ausschlie\u00dflich deren Betreiber verantwortlich.<\/p>\n\n\n\n<h3>Urheberrecht<\/h3>\n\n\n\n<p>Der Inhalt dieser Website ist urheberrechtlich gesch\u00fctzt. Die Bereitstellung von Inhalten und Bildmaterial dieser Website auf anderen Websites ist nur mit ausdr\u00fccklicher Genehmigung der Redaktion gestattet. Die auf dieser Website enthaltenen Angaben werden nach bestem Wissen erstellt und mit gro\u00dfer Sorgfalt auf ihre Richtigkeit \u00fcberpr\u00fcft. Trotzdem sind inhaltliche und sachliche Fehler nicht vollst\u00e4ndig auszuschlie\u00dfen. Unser Unternehmen \u00fcbernimmt keinerlei Garantie und Haftung f\u00fcr die Richtigkeit, Aktualit\u00e4t und Vollst\u00e4ndigkeit der bereitgestellten Informationen. Alle Angaben sind ohne Gew\u00e4hr. Dies gilt auch f\u00fcr alle Links zu anderen URLs, die auf unserer Website genannt werden.<\/p>\n\n\n\n<h3>Datenschutzerkl\u00e4rung<\/h3>\n\n\n\n<p><strong>Geltungsbereich<\/strong><\/p>\n\n\n\n<p>Diese Datenschutzerkl\u00e4rung kl\u00e4rt Nutzer \u00fcber die Art, den Umfang und Zwecke der Erhebung und Verwendung personenbezogener Daten durch den verantwortlichen Anbieter Gasthof-Pension Barbarahof, Weng 77, 5453 Werfenweng, Austria (E-Mail: info@barbarahof.com, Tel.: +43 (0) 64 66 \/ 402) &nbsp;auf dieser Website (im folgenden \u201cAngebot\u201d) auf.<br><\/p>\n\n\n\n<p><strong>Zugriffsdaten\/ Server-Logfiles<\/strong><\/p>\n\n\n\n<p>Der Anbieter (beziehungsweise sein Webspace-Provider) erhebt Daten \u00fcber jeden Zugriff auf das Angebot (so genannte Serverlogfiles). Zu den Zugriffsdaten geh\u00f6ren:<br><br>Name der abgerufenen Webseite, Datei, Datum und Uhrzeit des Abrufs, \u00fcbertragene Datenmenge, Meldung \u00fcber erfolgreichen Abruf, Browsertyp nebst Version, das Betriebssystem des Nutzers, Referrer URL (die zuvor besuchte Seite), IP-Adresse und der anfragende Provider.<br><br>Der Anbieter verwendet die Protokolldaten nur f\u00fcr statistische Auswertungen zum Zweck des Betriebs, der Sicherheit und der Optimierung des Angebotes. Der Anbieterbeh\u00e4lt sich jedoch vor, die Protokolldaten nachtr\u00e4glich zu \u00fcberpr\u00fcfen, wenn aufgrund konkreter Anhaltspunkte der berechtigte Verdacht einer rechtswidrigen Nutzung besteht.<\/p>\n\n\n\n<p><strong>Umgang mit personenbezogenen Daten<\/strong><\/p>\n\n\n\n<p>Personenbezogene Daten sind Informationen, mit deren Hilfe eine Person bestimmbar ist, also Angaben, die zur\u00fcck zu einer Person verfolgt werden k\u00f6nnen. Dazu geh\u00f6ren der Name, die Emailadresse oder die Telefonnummer. Aber auch Daten \u00fcber Vorlieben, Hobbies, Mitgliedschaften oder welche Webseiten von jemandem angesehen wurden z\u00e4hlen zu personenbezogenen Daten.<br><br>Personenbezogene Daten werden von dem Anbieter nur dann erhoben, genutzt und weiter gegeben, wenn dies gesetzlich erlaubt ist oder die Nutzer in die Datenerhebung einwilligen.<\/p>\n\n\n\n<p><strong>Kontaktaufnahme<\/strong><\/p>\n\n\n\n<p>Bei der Kontaktaufnahme mit dem Anbieter (zum Beispiel per Kontaktformular oder E-Mail) werden die Angaben des Nutzers zwecks Bearbeitung der Anfrage sowie f\u00fcr den Fall, dass Anschlussfragen entstehen, gespeichert.<\/p>\n\n\n\n<p><strong>Einbindung von Diensten und Inhalten Dritter<\/strong><\/p>\n\n\n\n<p>Es kann vorkommen, dass innerhalb dieses Onlineangebotes Inhalte Dritter, wie zum Beispiel Videos von YouTube, Kartenmaterial von Google-Maps, RSS-Feeds oder Grafiken von anderen Webseiten eingebunden werden. Dies setzt immer voraus, dass die Anbieter dieser Inhalte (nachfolgend bezeichnet als &#8220;Dritt-Anbieter&#8221;) die IP-Adresse der Nutzer wahr nehmen. Denn ohne die IP-Adresse, k\u00f6nnten sie die Inhalte nicht an den Browser des jeweiligen Nutzers senden. Die IP-Adresse ist damit f\u00fcr die Darstellung dieser Inhalte erforderlich. Wir bem\u00fchen uns nur solche Inhalte zu verwenden, deren jeweilige Anbieter die IP-Adresse lediglich zur Auslieferung der Inhalte verwenden. Jedoch haben wir keinen Einfluss darauf, falls die Dritt-Anbieter die IP-Adresse z.B. f\u00fcr statistische Zwecke speichern. Soweit dies uns bekannt ist, kl\u00e4ren wir die Nutzer dar\u00fcber auf.<\/p>\n\n\n\n<p><strong>Cookies<\/strong><\/p>\n\n\n\n<p>Cookies sind kleine Dateien, die es erm\u00f6glichen, auf dem Zugriffsger\u00e4t der Nutzer (PC, Smartphone o.\u00e4.) spezifische, auf das Ger\u00e4t bezogene Informationen zu speichern. Sie dienen zum einem der Benutzerfreundlichkeit von Webseiten und damit den Nutzern (z.B. Speicherung von Logindaten). Zum anderen dienen sie, um die statistische Daten der Webseitennutzung zu erfassen und sie zwecks Verbesserung des Angebotes analysieren zu k\u00f6nnen. Die Nutzer k\u00f6nnen auf den Einsatz der Cookies Einfluss nehmen. Die meisten Browser verf\u00fcgen eine Option mit der das Speichern von Cookies eingeschr\u00e4nkt oder komplett verhindert wird. Allerdings wird darauf hingewiesen, dass die Nutzung und insbesondere der Nutzungskomfort ohne Cookies eingeschr\u00e4nkt werden.<br><br>Sie k\u00f6nnen viele Online-Anzeigen-Cookies von Unternehmen \u00fcber die US-amerikanische Seite&nbsp;<a href=\"http:\/\/www.aboutads.info\/choices\/\" target=\"_blank\" rel=\"noreferrer noopener\">http:\/\/www.aboutads.info\/choices\/<\/a>&nbsp;oder die EU-Seite&nbsp;<a href=\"http:\/\/www.youronlinechoices.com\/uk\/your-ad-choices\/\" target=\"_blank\" rel=\"noreferrer noopener\">http:\/\/www.youronlinechoices.com\/uk\/your-ad-choices\/&nbsp;<\/a>verwalten.<\/p>\n\n\n\n<p><strong>Google Analytics<\/strong><\/p>\n\n\n\n<p>Dieses Angebot benutzt Google Analytics, einen Webanalysedienst der Google Inc. (\u201eGoogle\u201c). Google Analytics verwendet sog. \u201eCookies\u201c, Textdateien, die auf Computer der Nutzer gespeichert werden und die eine Analyse der Benutzung der Website durch sie erm\u00f6glichen. Die durch den Cookie erzeugten Informationen \u00fcber Benutzung dieser Website durch die Nutzer werden in der Regel an einen Server von Google in den USA \u00fcbertragen und dort gespeichert.<br><br>Im Falle der Aktivierung der IP-Anonymisierung auf dieser Webseite, wird die IP-Adresse der Nutzer von Google jedoch innerhalb von Mitgliedstaaten der Europ\u00e4ischen Union oder in anderen Vertragsstaaten des Abkommens \u00fcber den Europ\u00e4ischen Wirtschaftsraum zuvor gek\u00fcrzt. Nur in Ausnahmef\u00e4llen wird die volle IP-Adresse an einen Server von Google in den USA \u00fcbertragen und dort gek\u00fcrzt. Die IP-Anonymisierung ist auf dieser Website aktiv. Im Auftrag des Betreibers dieser Website wird Google diese Informationen benutzen, um die Nutzung der Website durch die Nutzer auszuwerten, um Reports \u00fcber die Websiteaktivit\u00e4ten zusammenzustellen und um weitere mit der Websitenutzung und der Internetnutzung verbundene Dienstleistungen gegen\u00fcber dem Websitebetreiber zu erbringen.<br><br>Die im Rahmen von Google Analytics von Ihrem Browser \u00fcbermittelte IP-Adresse wird nicht mit anderen Daten von Google zusammengef\u00fchrt. Die Nutzer k\u00f6nnen die Speicherung der Cookies durch eine entsprechende Einstellung Ihrer Browser-Software verhindern; Dieses Angebot weist die Nutzer jedoch darauf hin, dass Sie in diesem Fall gegebenenfalls nicht s\u00e4mtliche Funktionen dieser Website vollumf\u00e4nglich werden nutzen k\u00f6nnen. Die Nutzer k\u00f6nnen dar\u00fcber hinaus die Erfassung der durch das Cookie erzeugten und auf ihre Nutzung der Website bezogenen Daten (inkl. Ihrer IP-Adresse) an Google sowie die Verarbeitung dieser Daten durch Google verhindern, indem sie das unter dem folgenden Link verf\u00fcgbare Browser-Plugin herunterladen und installieren:&nbsp;<a href=\"http:\/\/tools.google.com\/dlpage\/gaoptout?hl=de\" target=\"_blank\" rel=\"noreferrer noopener\">http:\/\/tools.google.com\/dlpage\/gaoptout?hl=de<\/a>.<br><\/p>\n\n\n\n<p><strong>Verwendung von Facebook Social Plugins<\/strong><\/p>\n\n\n\n<p>Dieses Angebot verwendet Social Plugins (&#8220;Plugins&#8221;) des sozialen Netzwerkes facebook.com, welches von der Facebook Inc., 1601 S. California Ave, Palo Alto, CA 94304, USA betrieben wird (&#8220;Facebook&#8221;). Die Plugins sind an einem der Facebook Logos erkennbar (wei\u00dfes \u201ef\u201c auf blauer Kachel, den Begriffen &#8220;Like&#8221;, &#8220;Gef\u00e4llt mir&#8221; oder einem \u201eDaumen hoch\u201c-Zeichen) oder sind mit dem Zusatz &#8220;Facebook Social Plugin&#8221; gekennzeichnet. Die Liste und das Aussehen der Facebook Social Plugins kann hier eingesehen werden:&nbsp;<a href=\"https:\/\/developers.facebook.com\/docs\/plugins\/\" target=\"_blank\" rel=\"noreferrer noopener\">https:\/\/developers.facebook.com\/docs\/plugins\/<\/a>.<br><br>Wenn ein Nutzer eine Webseite dieses Angebots aufruft, die ein solches Plugin enth\u00e4lt, baut sein Browser eine direkte Verbindung mit den Servern von Facebook auf. Der Inhalt des Plugins wird von Facebook direkt an Ihren Browser \u00fcbermittelt und von diesem in die Webseite eingebunden. Der Anbieter hat daher keinen Einfluss auf den Umfang der Daten, die Facebook mit Hilfe dieses Plugins erhebt und informiert die Nutzer daher entsprechend seinem&nbsp;<a href=\"http:\/\/www.facebook.com\/help\/?faq=17512\" target=\"_blank\" rel=\"noreferrer noopener\">Kenntnisstand<\/a>:<br><br>Durch die Einbindung der Plugins erh\u00e4lt Facebook die Information, dass ein Nutzer die entsprechende Seite des Angebots aufgerufen hat. Ist der Nutzer bei Facebook eingeloggt, kann Facebook den Besuch seinem Facebook-Konto zuordnen. Wenn Nutzer mit den Plugins interagieren, zum Beispiel den Like Button bet\u00e4tigen oder einen Kommentar abgeben, wird die entsprechende Information von Ihrem Browser direkt an Facebook \u00fcbermittelt und dort gespeichert. Falls ein Nutzer kein Mitglied von Facebook ist, besteht trotzdem die M\u00f6glichkeit, dass Facebook seine IP-Adresse in Erfahrung bringt und speichert.<br><br>Zweck und Umfang der Datenerhebung und die weitere Verarbeitung und Nutzung der Daten durch Facebook sowie die diesbez\u00fcglichen Rechte und Einstellungsm\u00f6glichkeiten zum Schutz der Privatsph\u00e4re der Nutzer , k\u00f6nnen diese den Datenschutzhinweisen von Facebook entnehmen:&nbsp;<a href=\"https:\/\/www.facebook.com\/about\/privacy\/\" target=\"_blank\" rel=\"noreferrer noopener\">https:\/\/www.facebook.com\/about\/privacy\/<\/a>.<br><br>Wenn ein Nutzer Facebookmitglied ist und nicht m\u00f6chte, dass Facebook \u00fcber dieses Angebot Daten \u00fcber ihn sammelt und mit seinen bei Facebook gespeicherten Mitgliedsdaten verkn\u00fcpft, muss er sich vor dem Besuch des Internetauftritts bei Facebook ausloggen.<\/p>\n\n\n\n<p><strong>+1 Schaltfl\u00e4che von Google+<\/strong><\/p>\n\n\n\n<p>Dieses Angebot verwendet die \u201c+1\u2033-Schaltfl\u00e4che des sozialen Netzwerkes Google Plus, welches von der Google Inc., 1600 Amphitheatre Parkway, Mountain View, CA 94043, United States betrieben wird (\u201cGoogle\u201d). Der Button ist an dem Zeichen \u201c+1\u2033 auf wei\u00dfem oder farbigen Hintergrund erkennbar.<br><br>Wenn ein Nutzer eine Webseite dieses Angebotes aufruft, die eine solche Schaltfl\u00e4che enth\u00e4lt, baut der Browser eine direkte Verbindung mit den Servern von Google auf. Der Inhalt der \u201c+1\u2033-Schaltfl\u00e4che wird von Google direkt an seinen Browser \u00fcbermittelt und von diesem in die Webseite eingebunden. der Anbieter hat daher keinen Einfluss auf den Umfang der Daten, die Google mit der Schaltfl\u00e4che erhebt. Laut Google werden ohne einen Klick auf die Schaltfl\u00e4che keine personenbezogenen Daten erhoben. Nur bei eingeloggten Mitgliedern, werden solche Daten, unter anderem die IP-Adresse, erhoben und verarbeitet.<br><br>Zweck und Umfang der Datenerhebung und die weitere Verarbeitung und Nutzung der Daten durch Google sowie Ihre diesbez\u00fcglichen Rechte und Einstellungsm\u00f6glichkeiten zum Schutz Ihrer Privatsph\u00e4re k\u00f6nnen die Nutzer Googles Datenschutzhinweisen zu der \u201c+1\u2033-Schaltfl\u00e4che entnehmen:&nbsp;<a href=\"http:\/\/www.google.com\/intl\/de\/+\/policy\/+1button.html\" target=\"_blank\" rel=\"noreferrer noopener\">www.google.com\/intl\/de\/+\/policy\/+1button.html<\/a>&nbsp;und der FAQ:&nbsp;<a href=\"http:\/\/www.google.com\/intl\/de\/+1\/button\/\" target=\"_blank\" rel=\"noreferrer noopener\">www.google.com\/intl\/de\/+1\/button\/<\/a>.<\/p>\n\n\n\n<p><strong>Twitter<\/strong><\/p>\n\n\n\n<p>Dieses Angebot nutzt die&nbsp;<a href=\"https:\/\/twitter.com\/about\/resources\/buttons\" target=\"_blank\" rel=\"noreferrer noopener\">Schaltfl\u00e4chen des Dienstes Twitter<\/a>. Diese Schaltfl\u00e4chen werden angeboten durch die Twitter Inc., 795 Folsom St., Suite 600, San Francisco, CA 94107, USA. Sie sind an Begriffen wie &#8220;Twitter&#8221; oder &#8220;Folge&#8221;, verbunden mit einem stillisierten blauen Vogel erkennbar. Mit Hilfe der Schaltfl\u00e4chen ist es m\u00f6glich einen Beitrag oder Seite dieses Angebotes bei Twitter zu teilen oder dem Anbieter bei Twitter zu folgen.<br><br>Wenn ein Nutzer eine Webseite dieses Internetauftritts aufruft, die einen solchen Button enth\u00e4lt, baut sein Browser eine direkte Verbindung mit den Servern von Twitter auf. Der Inhalt des Twitter-Schaltfl\u00e4chen wird von Twitter direkt an den Browser des Nutzers \u00fcbermittelt. Der Anbieter hat daher keinen Einfluss auf den Umfang der Daten, die Twitter mit Hilfe dieses Plugins erhebt und informiert die Nutzer entsprechend seinem Kenntnisstand. Nach diesem wird lediglich die IP-Adresse des Nutzers die URL der jeweiligen Webseite beim Bezug des Buttons mit \u00fcbermittelt, aber nicht f\u00fcr andere Zwecke, als die Darstellung des Buttons, genutzt.<br>Weitere Informationen hierzu finden sich in der Datenschutzerkl\u00e4rung von Twitter unter&nbsp;<a href=\"http:\/\/twitter.com\/privacy\" target=\"_blank\" rel=\"noreferrer noopener\">twitter.com\/privacy<\/a>.<\/p>\n\n\n\n<p><strong>Widerruf, \u00c4nderungen, Berichtigungen und Aktualisierungen<\/strong><\/p>\n\n\n\n<p>Der Nutzer hat das Recht, auf Antrag unentgeltlich Auskunft zu erhalten \u00fcber die personenbezogenen Daten, die \u00fcber ihn gespeichert wurden. Zus\u00e4tzlich hat der Nutzer das Recht auf Berichtigung unrichtiger Daten, Sperrung und L\u00f6schung seiner personenbezogenen Daten, soweit dem keine gesetzliche Aufbewahrungspflicht entgegensteht.<\/p>\n<\/div>\n<\/div>\n","protected":false},"excerpt":{"rendered":"","protected":false},"author":2,"featured_media":1020,"parent":0,"menu_order":2,"comment_status":"closed","ping_status":"closed","template":"","meta":[],"acf":[],"yoast_head":"<!-- This site is optimized with the Yoast SEO plugin v19.10 - https:\/\/yoast.com\/wordpress\/plugins\/seo\/ -->\n<title>Imprint &mdash; Barbarahof Werfenweng im Salzburger Land<\/title>\n<meta name=\"robots\" content=\"index, follow, max-snippet:-1, max-image-preview:large, max-video-preview:-1\" \/>\n<link rel=\"canonical\" href=\"https:\/\/barbarahof.com\/en\/imprint\/\" \/>\n<meta property=\"og:locale\" content=\"en_US\" \/>\n<meta property=\"og:type\" content=\"article\" \/>\n<meta property=\"og:title\" content=\"Imprint &mdash; Barbarahof Werfenweng im Salzburger Land\" \/>\n<meta property=\"og:url\" content=\"https:\/\/barbarahof.com\/en\/imprint\/\" \/>\n<meta property=\"og:site_name\" content=\"Barbarahof Werfenweng\" \/>\n<meta property=\"article:modified_time\" content=\"2022-11-10T10:02:07+00:00\" \/>\n<meta property=\"og:image\" content=\"https:\/\/barbarahof.com\/wp-content\/uploads\/2022\/05\/spurenh.jpg\" \/>\n\t<meta property=\"og:image:width\" content=\"1920\" \/>\n\t<meta property=\"og:image:height\" content=\"750\" \/>\n\t<meta property=\"og:image:type\" content=\"image\/jpeg\" \/>\n<meta name=\"twitter:card\" content=\"summary_large_image\" \/>\n<meta name=\"twitter:label1\" content=\"Est. reading time\" \/>\n\t<meta name=\"twitter:data1\" content=\"10 minutes\" \/>\n<script type=\"application\/ld+json\" class=\"yoast-schema-graph\">{\"@context\":\"https:\/\/schema.org\",\"@graph\":[{\"@type\":\"WebPage\",\"@id\":\"https:\/\/barbarahof.com\/en\/imprint\/\",\"url\":\"https:\/\/barbarahof.com\/en\/imprint\/\",\"name\":\"Imprint &mdash; Barbarahof Werfenweng im Salzburger Land\",\"isPartOf\":{\"@id\":\"https:\/\/barbarahof.com\/en\/#website\"},\"datePublished\":\"2022-05-23T07:53:18+00:00\",\"dateModified\":\"2022-11-10T10:02:07+00:00\",\"breadcrumb\":{\"@id\":\"https:\/\/barbarahof.com\/en\/imprint\/#breadcrumb\"},\"inLanguage\":\"en-US\",\"potentialAction\":[{\"@type\":\"ReadAction\",\"target\":[\"https:\/\/barbarahof.com\/en\/imprint\/\"]}]},{\"@type\":\"BreadcrumbList\",\"@id\":\"https:\/\/barbarahof.com\/en\/imprint\/#breadcrumb\",\"itemListElement\":[{\"@type\":\"ListItem\",\"position\":1,\"name\":\"Startseite\",\"item\":\"https:\/\/barbarahof.com\/en\/\"},{\"@type\":\"ListItem\",\"position\":2,\"name\":\"Contact\",\"item\":\"https:\/\/barbarahof.com\/en\/contact\/\"},{\"@type\":\"ListItem\",\"position\":3,\"name\":\"Imprint\"}]},{\"@type\":\"WebSite\",\"@id\":\"https:\/\/barbarahof.com\/en\/#website\",\"url\":\"https:\/\/barbarahof.com\/en\/\",\"name\":\"Barbarahof Werfenweng\",\"description\":\"im Salzburger Land\",\"publisher\":{\"@id\":\"https:\/\/barbarahof.com\/en\/#organization\"},\"potentialAction\":[{\"@type\":\"SearchAction\",\"target\":{\"@type\":\"EntryPoint\",\"urlTemplate\":\"https:\/\/barbarahof.com\/en\/?s={search_term_string}\"},\"query-input\":\"required name=search_term_string\"}],\"inLanguage\":\"en-US\"},{\"@type\":\"Organization\",\"@id\":\"https:\/\/barbarahof.com\/en\/#organization\",\"name\":\"Barbarahof Werfenweng\",\"url\":\"https:\/\/barbarahof.com\/en\/\",\"logo\":{\"@type\":\"ImageObject\",\"inLanguage\":\"en-US\",\"@id\":\"https:\/\/barbarahof.com\/en\/#\/schema\/logo\/image\/\",\"url\":\"https:\/\/www.barbarahof.com\/wp-content\/uploads\/2022\/05\/Barbarahof_Logo_RGB.jpg\",\"contentUrl\":\"https:\/\/www.barbarahof.com\/wp-content\/uploads\/2022\/05\/Barbarahof_Logo_RGB.jpg\",\"width\":1000,\"height\":510,\"caption\":\"Barbarahof Werfenweng\"},\"image\":{\"@id\":\"https:\/\/barbarahof.com\/en\/#\/schema\/logo\/image\/\"}}]}<\/script>\n<!-- \/ Yoast SEO plugin. -->","yoast_head_json":{"title":"Imprint &mdash; Barbarahof Werfenweng im Salzburger Land","robots":{"index":"index","follow":"follow","max-snippet":"max-snippet:-1","max-image-preview":"max-image-preview:large","max-video-preview":"max-video-preview:-1"},"canonical":"https:\/\/barbarahof.com\/en\/imprint\/","og_locale":"en_US","og_type":"article","og_title":"Imprint &mdash; Barbarahof Werfenweng im Salzburger Land","og_url":"https:\/\/barbarahof.com\/en\/imprint\/","og_site_name":"Barbarahof Werfenweng","article_modified_time":"2022-11-10T10:02:07+00:00","og_image":[{"width":1920,"height":750,"url":"https:\/\/barbarahof.com\/wp-content\/uploads\/2022\/05\/spurenh.jpg","type":"image\/jpeg"}],"twitter_card":"summary_large_image","twitter_misc":{"Est. reading time":"10 minutes"},"schema":{"@context":"https:\/\/schema.org","@graph":[{"@type":"WebPage","@id":"https:\/\/barbarahof.com\/en\/imprint\/","url":"https:\/\/barbarahof.com\/en\/imprint\/","name":"Imprint &mdash; Barbarahof Werfenweng im Salzburger Land","isPartOf":{"@id":"https:\/\/barbarahof.com\/en\/#website"},"datePublished":"2022-05-23T07:53:18+00:00","dateModified":"2022-11-10T10:02:07+00:00","breadcrumb":{"@id":"https:\/\/barbarahof.com\/en\/imprint\/#breadcrumb"},"inLanguage":"en-US","potentialAction":[{"@type":"ReadAction","target":["https:\/\/barbarahof.com\/en\/imprint\/"]}]},{"@type":"BreadcrumbList","@id":"https:\/\/barbarahof.com\/en\/imprint\/#breadcrumb","itemListElement":[{"@type":"ListItem","position":1,"name":"Startseite","item":"https:\/\/barbarahof.com\/en\/"},{"@type":"ListItem","position":2,"name":"Contact","item":"https:\/\/barbarahof.com\/en\/contact\/"},{"@type":"ListItem","position":3,"name":"Imprint"}]},{"@type":"WebSite","@id":"https:\/\/barbarahof.com\/en\/#website","url":"https:\/\/barbarahof.com\/en\/","name":"Barbarahof Werfenweng","description":"im Salzburger Land","publisher":{"@id":"https:\/\/barbarahof.com\/en\/#organization"},"potentialAction":[{"@type":"SearchAction","target":{"@type":"EntryPoint","urlTemplate":"https:\/\/barbarahof.com\/en\/?s={search_term_string}"},"query-input":"required name=search_term_string"}],"inLanguage":"en-US"},{"@type":"Organization","@id":"https:\/\/barbarahof.com\/en\/#organization","name":"Barbarahof Werfenweng","url":"https:\/\/barbarahof.com\/en\/","logo":{"@type":"ImageObject","inLanguage":"en-US","@id":"https:\/\/barbarahof.com\/en\/#\/schema\/logo\/image\/","url":"https:\/\/www.barbarahof.com\/wp-content\/uploads\/2022\/05\/Barbarahof_Logo_RGB.jpg","contentUrl":"https:\/\/www.barbarahof.com\/wp-content\/uploads\/2022\/05\/Barbarahof_Logo_RGB.jpg","width":1000,"height":510,"caption":"Barbarahof Werfenweng"},"image":{"@id":"https:\/\/barbarahof.com\/en\/#\/schema\/logo\/image\/"}}]}},"_links":{"self":[{"href":"https:\/\/barbarahof.com\/en\/wp-json\/wp\/v2\/pages\/1220"}],"collection":[{"href":"https:\/\/barbarahof.com\/en\/wp-json\/wp\/v2\/pages"}],"about":[{"href":"https:\/\/barbarahof.com\/en\/wp-json\/wp\/v2\/types\/page"}],"author":[{"embeddable":true,"href":"https:\/\/barbarahof.com\/en\/wp-json\/wp\/v2\/users\/2"}],"replies":[{"embeddable":true,"href":"https:\/\/barbarahof.com\/en\/wp-json\/wp\/v2\/comments?post=1220"}],"version-history":[{"count":2,"href":"https:\/\/barbarahof.com\/en\/wp-json\/wp\/v2\/pages\/1220\/revisions"}],"predecessor-version":[{"id":1452,"href":"https:\/\/barbarahof.com\/en\/wp-json\/wp\/v2\/pages\/1220\/revisions\/1452"}],"wp:featuredmedia":[{"embeddable":true,"href":"https:\/\/barbarahof.com\/en\/wp-json\/wp\/v2\/media\/1020"}],"wp:attachment":[{"href":"https:\/\/barbarahof.com\/en\/wp-json\/wp\/v2\/media?parent=1220"}],"curies":[{"name":"wp","href":"https:\/\/api.w.org\/{rel}","templated":true}]}}